{"id":595,"date":"2019-12-10T14:03:02","date_gmt":"2019-12-10T11:03:02","guid":{"rendered":"https:\/\/skole.vamtam.com\/?page_id=595"},"modified":"2022-11-01T11:41:41","modified_gmt":"2022-11-01T08:41:41","slug":"makaleler","status":"publish","type":"page","link":"https:\/\/otizmanka.com.tr\/en\/makaleler\/","title":{"rendered":"Articles"},"content":{"rendered":"<div data-elementor-type=\"wp-page\" data-elementor-id=\"595\" class=\"elementor elementor-595\" data-elementor-post-type=\"page\">\n\t\t\t\t\t\t\t\t\t<section class=\"elementor-section elementor-top-section elementor-element elementor-element-4e5a96a elementor-section-boxed elementor-section-height-default elementor-section-height-default\" data-id=\"4e5a96a\" data-element_type=\"section\" data-settings=\"{&quot;background_background&quot;:&quot;classic&quot;,&quot;shape_divider_bottom&quot;:&quot;vamtam-waves&quot;}\">\n\t\t\t\t\t\t<div class=\"elementor-container elementor-column-gap-default\">\n\t\t\t\t\t<div class=\"elementor-column elementor-col-66 elementor-top-column elementor-element elementor-element-fe87374\" data-id=\"fe87374\" data-element_type=\"column\">\n\t\t\t<div class=\"elementor-widget-wrap elementor-element-populated\">\n\t\t\t\t\t\t\t\t<div class=\"elementor-element elementor-element-45f21a71 elementor-grid-2 elementor-grid-tablet-1 elementor-posts--align-left elementor-posts__hover-none elementor-grid-mobile-1 elementor-posts--thumbnail-top elementor-widget elementor-widget-posts\" data-id=\"45f21a71\" data-element_type=\"widget\" data-settings=\"{&quot;cards_columns&quot;:&quot;2&quot;,&quot;cards_columns_tablet&quot;:&quot;1&quot;,&quot;pagination_type&quot;:&quot;numbers_and_prev_next&quot;,&quot;cards_row_gap&quot;:{&quot;unit&quot;:&quot;px&quot;,&quot;size&quot;:40,&quot;sizes&quot;:[]},&quot;cards_columns_mobile&quot;:&quot;1&quot;,&quot;cards_row_gap_tablet&quot;:{&quot;unit&quot;:&quot;px&quot;,&quot;size&quot;:&quot;&quot;,&quot;sizes&quot;:[]},&quot;cards_row_gap_mobile&quot;:{&quot;unit&quot;:&quot;px&quot;,&quot;size&quot;:&quot;&quot;,&quot;sizes&quot;:[]}}\" data-widget_type=\"posts.cards\">\n\t\t\t\t<div class=\"elementor-widget-container\">\n\t\t\t\t\t<div class=\"elementor-posts-container elementor-posts elementor-posts--skin-cards elementor-grid\">\n\t\t\t\t<article class=\"elementor-post elementor-grid-item post-991550 post type-post status-publish format-standard has-post-thumbnail hentry category-bilgi\">\n\t\t\t<div class=\"elementor-post__card\">\n\t\t\t\t<a class=\"elementor-post__thumbnail__link\" href=\"https:\/\/otizmanka.com.tr\/en\/otizm-ve-ekran-hasari-cagimizin-zorlugu\/\" tabindex=\"-1\" ><div class=\"elementor-post__thumbnail\"><img fetchpriority=\"high\" decoding=\"async\" width=\"819\" height=\"1024\" src=\"https:\/\/otizmanka.com.tr\/wp-content\/uploads\/2026\/02\/128-819x1024.png\" class=\"attachment-large size-large wp-image-991496\" alt=\"\" srcset=\"https:\/\/otizmanka.com.tr\/wp-content\/uploads\/2026\/02\/128-819x1024.png 819w, https:\/\/otizmanka.com.tr\/wp-content\/uploads\/2026\/02\/128-240x300.png 240w, https:\/\/otizmanka.com.tr\/wp-content\/uploads\/2026\/02\/128-768x960.png 768w, https:\/\/otizmanka.com.tr\/wp-content\/uploads\/2026\/02\/128-10x12.png 10w, https:\/\/otizmanka.com.tr\/wp-content\/uploads\/2026\/02\/128.png 1080w\" sizes=\"(max-width: 819px) 100vw, 819px\" \/><\/div><\/a>\n\t\t\t\t<div class=\"elementor-post__badge\">Information<\/div>\n\t\t\t\t<div class=\"elementor-post__text\">\n\t\t\t\t<h3 class=\"elementor-post__title\">\n\t\t\t<a href=\"https:\/\/otizmanka.com.tr\/en\/otizm-ve-ekran-hasari-cagimizin-zorlugu\/\" >\n\t\t\t\tOtizm ve Ekran Hasar\u0131: \u00c7a\u011f\u0131m\u0131z\u0131n Zorlu\u011fu\t\t\t<\/a>\n\t\t<\/h3>\n\t\t\t\t<div class=\"elementor-post__excerpt\">\n\t\t\t<p>G\u00fcn\u00fcm\u00fczde ekranlar, \u00e7ocukluk d\u00f6neminin ayr\u0131lmaz bir par\u00e7as\u0131 haline gelmi\u015ftir. Otizm spektrum bozuklu\u011fu (OSB) olan \u00e7ocuklar i\u00e7in ise bu durum daha da karma\u015f\u0131k bir hal alabilmektedir.<\/p>\n\t\t<\/div>\n\t\t\n\t\t<a class=\"elementor-post__read-more\" href=\"https:\/\/otizmanka.com.tr\/en\/otizm-ve-ekran-hasari-cagimizin-zorlugu\/\" aria-label=\"Read more about Otizm ve Ekran Hasar\u0131: \u00c7a\u011f\u0131m\u0131z\u0131n Zorlu\u011fu\" tabindex=\"-1\" >\n\t\t\tRead More \u279d\t\t<\/a>\n\n\t\t\t\t<\/div>\n\t\t\t\t\t<\/div>\n\t\t<\/article>\n\t\t\t\t<article class=\"elementor-post elementor-grid-item post-991546 post type-post status-publish format-standard has-post-thumbnail hentry category-bilgi\">\n\t\t\t<div class=\"elementor-post__card\">\n\t\t\t\t<a class=\"elementor-post__thumbnail__link\" href=\"https:\/\/otizmanka.com.tr\/en\/mevsim-gecislerinin-otizmli-cocuklar-uzerindeki-etkileri-ailelere-ve-terapistlere-rehber\/\" tabindex=\"-1\" ><div class=\"elementor-post__thumbnail\"><img decoding=\"async\" width=\"819\" height=\"1024\" src=\"https:\/\/otizmanka.com.tr\/wp-content\/uploads\/2026\/02\/14e-819x1024.png\" class=\"attachment-large size-large wp-image-991511\" alt=\"\" srcset=\"https:\/\/otizmanka.com.tr\/wp-content\/uploads\/2026\/02\/14e-819x1024.png 819w, https:\/\/otizmanka.com.tr\/wp-content\/uploads\/2026\/02\/14e-240x300.png 240w, https:\/\/otizmanka.com.tr\/wp-content\/uploads\/2026\/02\/14e-768x960.png 768w, https:\/\/otizmanka.com.tr\/wp-content\/uploads\/2026\/02\/14e-10x12.png 10w, https:\/\/otizmanka.com.tr\/wp-content\/uploads\/2026\/02\/14e.png 1080w\" sizes=\"(max-width: 819px) 100vw, 819px\" \/><\/div><\/a>\n\t\t\t\t<div class=\"elementor-post__badge\">Information<\/div>\n\t\t\t\t<div class=\"elementor-post__text\">\n\t\t\t\t<h3 class=\"elementor-post__title\">\n\t\t\t<a href=\"https:\/\/otizmanka.com.tr\/en\/mevsim-gecislerinin-otizmli-cocuklar-uzerindeki-etkileri-ailelere-ve-terapistlere-rehber\/\" >\n\t\t\t\tMevsim Ge\u00e7i\u015flerinin Otizmli \u00c7ocuklar \u00dczerindeki Etkileri: Ailelere ve Terapistlere Rehber\t\t\t<\/a>\n\t\t<\/h3>\n\t\t\t\t<div class=\"elementor-post__excerpt\">\n\t\t\t<p>Sevgili aileler ve meslekta\u015flar\u0131m, mevsimlerin de\u011fi\u015fimi her birimiz i\u00e7in farkl\u0131 duygusal ve fiziksel tepkiler uyand\u0131r\u0131r. Otizm spektrum bozuklu\u011fu (OSB) olan \u00e7ocuklar i\u00e7inse, bu ge\u00e7i\u015fler daha<\/p>\n\t\t<\/div>\n\t\t\n\t\t<a class=\"elementor-post__read-more\" href=\"https:\/\/otizmanka.com.tr\/en\/mevsim-gecislerinin-otizmli-cocuklar-uzerindeki-etkileri-ailelere-ve-terapistlere-rehber\/\" aria-label=\"Read more about Mevsim Ge\u00e7i\u015flerinin Otizmli \u00c7ocuklar \u00dczerindeki Etkileri: Ailelere ve Terapistlere Rehber\" tabindex=\"-1\" >\n\t\t\tRead More \u279d\t\t<\/a>\n\n\t\t\t\t<\/div>\n\t\t\t\t\t<\/div>\n\t\t<\/article>\n\t\t\t\t<article class=\"elementor-post elementor-grid-item post-991542 post type-post status-publish format-standard has-post-thumbnail hentry category-bilgi\">\n\t\t\t<div class=\"elementor-post__card\">\n\t\t\t\t<a class=\"elementor-post__thumbnail__link\" href=\"https:\/\/otizmanka.com.tr\/en\/kucuk-kahramanlar-buyuk-destekler-multidisipliner-yaklasimlarla-hayati-renklendiriyoruz\/\" tabindex=\"-1\" ><div class=\"elementor-post__thumbnail\"><img decoding=\"async\" width=\"819\" height=\"1024\" src=\"https:\/\/otizmanka.com.tr\/wp-content\/uploads\/2026\/02\/42-819x1024.png\" class=\"attachment-large size-large wp-image-991522\" alt=\"\" srcset=\"https:\/\/otizmanka.com.tr\/wp-content\/uploads\/2026\/02\/42-819x1024.png 819w, https:\/\/otizmanka.com.tr\/wp-content\/uploads\/2026\/02\/42-240x300.png 240w, https:\/\/otizmanka.com.tr\/wp-content\/uploads\/2026\/02\/42-768x960.png 768w, https:\/\/otizmanka.com.tr\/wp-content\/uploads\/2026\/02\/42-10x12.png 10w, https:\/\/otizmanka.com.tr\/wp-content\/uploads\/2026\/02\/42.png 1080w\" sizes=\"(max-width: 819px) 100vw, 819px\" \/><\/div><\/a>\n\t\t\t\t<div class=\"elementor-post__badge\">Information<\/div>\n\t\t\t\t<div class=\"elementor-post__text\">\n\t\t\t\t<h3 class=\"elementor-post__title\">\n\t\t\t<a href=\"https:\/\/otizmanka.com.tr\/en\/kucuk-kahramanlar-buyuk-destekler-multidisipliner-yaklasimlarla-hayati-renklendiriyoruz\/\" >\n\t\t\t\tK\u00fc\u00e7\u00fck Kahramanlar, B\u00fcy\u00fck Destekler: Multidisipliner Yakla\u015f\u0131mlarla Hayat\u0131 Renklendiriyoruz\t\t\t<\/a>\n\t\t<\/h3>\n\t\t\t\t<div class=\"elementor-post__excerpt\">\n\t\t\t<p>Sevgili aileler ve\u00a0 meslekta\u015flar\u0131m, bug\u00fcn sizlere, otizm spektrum bozuklu\u011fuyla ya\u015fayan \u00e7ocuklar\u0131n hayatlar\u0131na nas\u0131l \u0131\u015f\u0131k tuttu\u011funu g\u00f6steren multidisipliner terapi yakla\u015f\u0131mlar\u0131ndan bahsetmek istiyorum. &nbsp;K\u00fc\u00e7\u00fck Elif, sekiz ya\u015f\u0131nda<\/p>\n\t\t<\/div>\n\t\t\n\t\t<a class=\"elementor-post__read-more\" href=\"https:\/\/otizmanka.com.tr\/en\/kucuk-kahramanlar-buyuk-destekler-multidisipliner-yaklasimlarla-hayati-renklendiriyoruz\/\" aria-label=\"Read more about K\u00fc\u00e7\u00fck Kahramanlar, B\u00fcy\u00fck Destekler: Multidisipliner Yakla\u015f\u0131mlarla Hayat\u0131 Renklendiriyoruz\" tabindex=\"-1\" >\n\t\t\tRead More \u279d\t\t<\/a>\n\n\t\t\t\t<\/div>\n\t\t\t\t\t<\/div>\n\t\t<\/article>\n\t\t\t\t<article class=\"elementor-post elementor-grid-item post-991538 post type-post status-publish format-standard has-post-thumbnail hentry category-bilgi\">\n\t\t\t<div class=\"elementor-post__card\">\n\t\t\t\t<a class=\"elementor-post__thumbnail__link\" href=\"https:\/\/otizmanka.com.tr\/en\/kokunun-gucu-cocugunuzun-gelisiminde-gizli-bir-kahraman\/\" tabindex=\"-1\" ><div class=\"elementor-post__thumbnail\"><img loading=\"lazy\" decoding=\"async\" width=\"819\" height=\"1024\" src=\"https:\/\/otizmanka.com.tr\/wp-content\/uploads\/2026\/02\/206-1-819x1024.png\" class=\"attachment-large size-large wp-image-991433\" alt=\"\" srcset=\"https:\/\/otizmanka.com.tr\/wp-content\/uploads\/2026\/02\/206-1-819x1024.png 819w, https:\/\/otizmanka.com.tr\/wp-content\/uploads\/2026\/02\/206-1-240x300.png 240w, https:\/\/otizmanka.com.tr\/wp-content\/uploads\/2026\/02\/206-1-768x960.png 768w, https:\/\/otizmanka.com.tr\/wp-content\/uploads\/2026\/02\/206-1-10x12.png 10w, https:\/\/otizmanka.com.tr\/wp-content\/uploads\/2026\/02\/206-1.png 1080w\" sizes=\"(max-width: 819px) 100vw, 819px\" \/><\/div><\/a>\n\t\t\t\t<div class=\"elementor-post__badge\">Information<\/div>\n\t\t\t\t<div class=\"elementor-post__text\">\n\t\t\t\t<h3 class=\"elementor-post__title\">\n\t\t\t<a href=\"https:\/\/otizmanka.com.tr\/en\/kokunun-gucu-cocugunuzun-gelisiminde-gizli-bir-kahraman\/\" >\n\t\t\t\tKokunun G\u00fcc\u00fc: \u00c7ocu\u011funuzun Geli\u015fiminde Gizli Bir Kahraman\t\t\t<\/a>\n\t\t<\/h3>\n\t\t\t\t<div class=\"elementor-post__excerpt\">\n\t\t\t<p>Sevgili ebeveynler, \u00c7ocu\u011funuzun sevdi\u011fi bir kurabiyenin kokusuyla aniden g\u00fcl\u00fcmsemesine ya da bir parf\u00fcm\u00fcn sizi y\u0131llar \u00f6ncesine g\u00f6t\u00fcrmesine tan\u0131kl\u0131k ettiniz mi? Koku duyusu, g\u00fcnl\u00fck ya\u015famda fark\u0131nda<\/p>\n\t\t<\/div>\n\t\t\n\t\t<a class=\"elementor-post__read-more\" href=\"https:\/\/otizmanka.com.tr\/en\/kokunun-gucu-cocugunuzun-gelisiminde-gizli-bir-kahraman\/\" aria-label=\"Read more about Kokunun G\u00fcc\u00fc: \u00c7ocu\u011funuzun Geli\u015fiminde Gizli Bir Kahraman\" tabindex=\"-1\" >\n\t\t\tRead More \u279d\t\t<\/a>\n\n\t\t\t\t<\/div>\n\t\t\t\t\t<\/div>\n\t\t<\/article>\n\t\t\t\t<article class=\"elementor-post elementor-grid-item post-991534 post type-post status-publish format-standard has-post-thumbnail hentry category-bilgi\">\n\t\t\t<div class=\"elementor-post__card\">\n\t\t\t\t<a class=\"elementor-post__thumbnail__link\" href=\"https:\/\/otizmanka.com.tr\/en\/duyusal-firtinalar-cocuklarda-duyusal-asiri-yuklenmenin-etkileri-ve-cozumleri\/\" tabindex=\"-1\" ><div class=\"elementor-post__thumbnail\"><img loading=\"lazy\" decoding=\"async\" width=\"819\" height=\"1024\" src=\"https:\/\/otizmanka.com.tr\/wp-content\/uploads\/2026\/02\/beylikduzu-6-819x1024.png\" class=\"attachment-large size-large wp-image-991453\" alt=\"\" srcset=\"https:\/\/otizmanka.com.tr\/wp-content\/uploads\/2026\/02\/beylikduzu-6-819x1024.png 819w, https:\/\/otizmanka.com.tr\/wp-content\/uploads\/2026\/02\/beylikduzu-6-240x300.png 240w, https:\/\/otizmanka.com.tr\/wp-content\/uploads\/2026\/02\/beylikduzu-6-768x960.png 768w, https:\/\/otizmanka.com.tr\/wp-content\/uploads\/2026\/02\/beylikduzu-6-10x12.png 10w, https:\/\/otizmanka.com.tr\/wp-content\/uploads\/2026\/02\/beylikduzu-6.png 1080w\" sizes=\"(max-width: 819px) 100vw, 819px\" \/><\/div><\/a>\n\t\t\t\t<div class=\"elementor-post__badge\">Information<\/div>\n\t\t\t\t<div class=\"elementor-post__text\">\n\t\t\t\t<h3 class=\"elementor-post__title\">\n\t\t\t<a href=\"https:\/\/otizmanka.com.tr\/en\/duyusal-firtinalar-cocuklarda-duyusal-asiri-yuklenmenin-etkileri-ve-cozumleri\/\" >\n\t\t\t\tDuyusal F\u0131rt\u0131nalar: \u00c7ocuklarda Duyusal A\u015f\u0131r\u0131 Y\u00fcklenmenin Etkileri ve \u00c7\u00f6z\u00fcmleri\t\t\t<\/a>\n\t\t<\/h3>\n\t\t\t\t<div class=\"elementor-post__excerpt\">\n\t\t\t<p>Sevgili ebeveynler, &nbsp;\u00c7ocu\u011funuzun g\u00fcr\u00fclt\u00fcl\u00fc bir ortamda a\u011flama krizine girdi\u011fini veya bir kokudanka\u00e7maya \u00e7al\u0131\u015ft\u0131\u011f\u0131n\u0131 g\u00f6rd\u00fcn\u00fcz m\u00fc? Belki de o \u00e7ok sevdi\u011fi oyuncak anidendayan\u0131lmaz hale geldi. Bunlar,<\/p>\n\t\t<\/div>\n\t\t\n\t\t<a class=\"elementor-post__read-more\" href=\"https:\/\/otizmanka.com.tr\/en\/duyusal-firtinalar-cocuklarda-duyusal-asiri-yuklenmenin-etkileri-ve-cozumleri\/\" aria-label=\"Read more about Duyusal F\u0131rt\u0131nalar: \u00c7ocuklarda Duyusal A\u015f\u0131r\u0131 Y\u00fcklenmenin Etkileri ve \u00c7\u00f6z\u00fcmleri\" tabindex=\"-1\" >\n\t\t\tRead More \u279d\t\t<\/a>\n\n\t\t\t\t<\/div>\n\t\t\t\t\t<\/div>\n\t\t<\/article>\n\t\t\t\t<article class=\"elementor-post elementor-grid-item post-991529 post type-post status-publish format-standard has-post-thumbnail hentry category-bilgi\">\n\t\t\t<div class=\"elementor-post__card\">\n\t\t\t\t<a class=\"elementor-post__thumbnail__link\" href=\"https:\/\/otizmanka.com.tr\/en\/cocugum-surekli-yere-atiyor-nedenne-yapmaliyim\/\" tabindex=\"-1\" ><div class=\"elementor-post__thumbnail\"><img loading=\"lazy\" decoding=\"async\" width=\"819\" height=\"1024\" src=\"https:\/\/otizmanka.com.tr\/wp-content\/uploads\/2026\/02\/89-1-819x1024.png\" class=\"attachment-large size-large wp-image-991488\" alt=\"\" srcset=\"https:\/\/otizmanka.com.tr\/wp-content\/uploads\/2026\/02\/89-1-819x1024.png 819w, https:\/\/otizmanka.com.tr\/wp-content\/uploads\/2026\/02\/89-1-240x300.png 240w, https:\/\/otizmanka.com.tr\/wp-content\/uploads\/2026\/02\/89-1-768x960.png 768w, https:\/\/otizmanka.com.tr\/wp-content\/uploads\/2026\/02\/89-1-10x12.png 10w, https:\/\/otizmanka.com.tr\/wp-content\/uploads\/2026\/02\/89-1.png 1080w\" sizes=\"(max-width: 819px) 100vw, 819px\" \/><\/div><\/a>\n\t\t\t\t<div class=\"elementor-post__badge\">Information<\/div>\n\t\t\t\t<div class=\"elementor-post__text\">\n\t\t\t\t<h3 class=\"elementor-post__title\">\n\t\t\t<a href=\"https:\/\/otizmanka.com.tr\/en\/cocugum-surekli-yere-atiyor-nedenne-yapmaliyim\/\" >\n\t\t\t\t\u00c7ocu\u011fum S\u00fcrekli Yere At\u0131yor! Neden? Ne Yapmal\u0131y\u0131m?\t\t\t<\/a>\n\t\t<\/h3>\n\t\t\t\t<div class=\"elementor-post__excerpt\">\n\t\t\t<p>Ebeveynlerin en \u00e7ok \u015fa\u015f\u0131rd\u0131\u011f\u0131 ve bazen de \u00e7aresiz hissetti\u011fi durumlardan biri, \u00e7ocuklar\u0131n\u0131n kendini s\u00fcrekli yere atmas\u0131d\u0131r. Parkta, markette, evde\u2026 Hi\u00e7 fark etmez! Bir bakm\u0131\u015fs\u0131n\u0131z, \u00e7ocu\u011funuz<\/p>\n\t\t<\/div>\n\t\t\n\t\t<a class=\"elementor-post__read-more\" href=\"https:\/\/otizmanka.com.tr\/en\/cocugum-surekli-yere-atiyor-nedenne-yapmaliyim\/\" aria-label=\"Read more about \u00c7ocu\u011fum S\u00fcrekli Yere At\u0131yor! Neden? Ne Yapmal\u0131y\u0131m?\" tabindex=\"-1\" >\n\t\t\tRead More \u279d\t\t<\/a>\n\n\t\t\t\t<\/div>\n\t\t\t\t\t<\/div>\n\t\t<\/article>\n\t\t\t\t<\/div>\n\t\t\n\t\t\t\t<div class=\"e-load-more-anchor\" data-page=\"1\" data-max-page=\"3\" data-next-page=\"https:\/\/otizmanka.com.tr\/en\/wp-json\/wp\/v2\/pages\/595\/page\/2\/\"><\/div>\n\t\t\t\t<nav class=\"elementor-pagination\" aria-label=\"Pagination\">\n\t\t\t<span class=\"page-numbers prev\">\u00ab Previous<\/span>\n<span aria-current=\"page\" class=\"page-numbers current\"><span class=\"elementor-screen-only\">Page<\/span>1<\/span>\n<a class=\"page-numbers\" href=\"https:\/\/otizmanka.com.tr\/en\/wp-json\/wp\/v2\/pages\/595\/page\/2\/\"><span class=\"elementor-screen-only\">Page<\/span>2<\/a>\n<a class=\"page-numbers\" href=\"https:\/\/otizmanka.com.tr\/en\/wp-json\/wp\/v2\/pages\/595\/page\/3\/\"><span class=\"elementor-screen-only\">Page<\/span>3<\/a>\n<a class=\"page-numbers next\" href=\"https:\/\/otizmanka.com.tr\/en\/wp-json\/wp\/v2\/pages\/595\/page\/2\/\">Next \u00bb<\/a>\t\t<\/nav>\n\t\t\t\t<\/div>\n\t\t\t\t<\/div>\n\t\t\t\t\t<\/div>\n\t\t<\/div>\n\t\t\t\t<div class=\"elementor-column elementor-col-33 elementor-top-column elementor-element elementor-element-b306660\" data-id=\"b306660\" data-element_type=\"column\">\n\t\t\t<div class=\"elementor-widget-wrap elementor-element-populated\">\n\t\t\t\t\t\t\t\t<div class=\"elementor-element elementor-element-4dbff67 elementor-grid-3 elementor-share-buttons--shape-rounded elementor-share-buttons--view-icon elementor-share-buttons--skin-gradient elementor-share-buttons--color-official elementor-invisible elementor-widget elementor-widget-share-buttons\" data-id=\"4dbff67\" data-element_type=\"widget\" data-settings=\"{&quot;_animation&quot;:&quot;fadeIn&quot;,&quot;_animation_delay&quot;:100}\" data-widget_type=\"share-buttons.default\">\n\t\t\t\t<div class=\"elementor-widget-container\">\n\t\t\t\t\t<div class=\"elementor-grid\">\n\t\t\t\t\t\t\t\t<div class=\"elementor-grid-item\">\n\t\t\t\t\t\t<div\n\t\t\t\t\t\t\tclass=\"elementor-share-btn elementor-share-btn_facebook\"\n\t\t\t\t\t\t\trole=\"button\"\n\t\t\t\t\t\t\ttabindex=\"0\"\n\t\t\t\t\t\t\taria-label=\"Share on facebook\"\n\t\t\t\t\t\t>\n\t\t\t\t\t\t\t\t\t\t\t\t\t\t\t<span class=\"elementor-share-btn__icon\">\n\t\t\t\t\t\t\t\t<i class=\"fab fa-facebook\" aria-hidden=\"true\"><\/i>\t\t\t\t\t\t\t<\/span>\n\t\t\t\t\t\t\t\t\t\t\t\t\t\t\t\t\t\t\t\t<\/div>\n\t\t\t\t\t<\/div>\n\t\t\t\t\t\t\t\t\t<div class=\"elementor-grid-item\">\n\t\t\t\t\t\t<div\n\t\t\t\t\t\t\tclass=\"elementor-share-btn elementor-share-btn_twitter\"\n\t\t\t\t\t\t\trole=\"button\"\n\t\t\t\t\t\t\ttabindex=\"0\"\n\t\t\t\t\t\t\taria-label=\"Share on twitter\"\n\t\t\t\t\t\t>\n\t\t\t\t\t\t\t\t\t\t\t\t\t\t\t<span class=\"elementor-share-btn__icon\">\n\t\t\t\t\t\t\t\t<i class=\"fab fa-twitter\" aria-hidden=\"true\"><\/i>\t\t\t\t\t\t\t<\/span>\n\t\t\t\t\t\t\t\t\t\t\t\t\t\t\t\t\t\t\t\t<\/div>\n\t\t\t\t\t<\/div>\n\t\t\t\t\t\t\t\t\t<div class=\"elementor-grid-item\">\n\t\t\t\t\t\t<div\n\t\t\t\t\t\t\tclass=\"elementor-share-btn elementor-share-btn_linkedin\"\n\t\t\t\t\t\t\trole=\"button\"\n\t\t\t\t\t\t\ttabindex=\"0\"\n\t\t\t\t\t\t\taria-label=\"Share on linkedin\"\n\t\t\t\t\t\t>\n\t\t\t\t\t\t\t\t\t\t\t\t\t\t\t<span class=\"elementor-share-btn__icon\">\n\t\t\t\t\t\t\t\t<i class=\"fab fa-linkedin\" aria-hidden=\"true\"><\/i>\t\t\t\t\t\t\t<\/span>\n\t\t\t\t\t\t\t\t\t\t\t\t\t\t\t\t\t\t\t\t<\/div>\n\t\t\t\t\t<\/div>\n\t\t\t\t\t\t<\/div>\n\t\t\t\t<\/div>\n\t\t\t\t<\/div>\n\t\t\t\t<div class=\"elementor-element elementor-element-fba2629 elementor-invisible elementor-widget elementor-widget-facebook-embed\" data-id=\"fba2629\" data-element_type=\"widget\" data-settings=\"{&quot;_animation&quot;:&quot;fadeIn&quot;,&quot;_animation_delay&quot;:200}\" data-widget_type=\"facebook-embed.default\">\n\t\t\t\t<div class=\"elementor-widget-container\">\n\t\t\t<div style=\"min-height: 1px\" class=\"elementor-facebook-widget fb-post\" data-href=\"https:\/\/www.facebook.com\/otizmanka\/posts\/pfbid02Xi81c3CJ4XhDX2um6Gext8UmWAYUwG7YaVgSKDgwBPdx6kehuXvd8QP7qi7nJK28l\" data-show-text=\"true\"><\/div>\t\t<\/div>\n\t\t\t\t<\/div>\n\t\t\t\t\t<\/div>\n\t\t<\/div>\n\t\t\t\t\t\t\t<\/div>\n\t\t<\/section>\n\t\t\t\t\t\t\t<\/div>","protected":false},"excerpt":{"rendered":"<p>Share on facebook Share on twitter Share on linkedin<\/p>","protected":false},"author":1,"featured_media":0,"parent":0,"menu_order":0,"comment_status":"closed","ping_status":"closed","template":"","meta":{"footnotes":""},"class_list":["post-595","page","type-page","status-publish","hentry"],"yoast_head":"<!-- This site is optimized with the Yoast SEO Premium plugin v20.1 (Yoast SEO v20.1) - https:\/\/yoast.com\/wordpress\/plugins\/seo\/ -->\n<title>Makaleler - Otizm Anka E\u011fitim Kurumlar\u0131<\/title>\n<meta name=\"robots\" content=\"index, follow, max-snippet:-1, max-image-preview:large, max-video-preview:-1\" \/>\n<link rel=\"canonical\" href=\"https:\/\/otizmanka.com.tr\/en\/makaleler\/\" \/>\n<meta property=\"og:locale\" content=\"en_US\" \/>\n<meta property=\"og:type\" content=\"article\" \/>\n<meta property=\"og:title\" content=\"Makaleler\" \/>\n<meta property=\"og:description\" content=\"Share on facebook Share on twitter Share on linkedin\" \/>\n<meta property=\"og:url\" content=\"https:\/\/otizmanka.com.tr\/en\/makaleler\/\" \/>\n<meta property=\"og:site_name\" content=\"Otizm Anka E\u011fitim Kurumlar\u0131\" \/>\n<meta property=\"article:modified_time\" content=\"2022-11-01T08:41:41+00:00\" \/>\n<meta name=\"twitter:card\" content=\"summary_large_image\" \/>\n<script type=\"application\/ld+json\" class=\"yoast-schema-graph\">{\"@context\":\"https:\/\/schema.org\",\"@graph\":[{\"@type\":\"WebPage\",\"@id\":\"https:\/\/otizmanka.com.tr\/makaleler\/\",\"url\":\"https:\/\/otizmanka.com.tr\/makaleler\/\",\"name\":\"Makaleler - Otizm Anka E\u011fitim Kurumlar\u0131\",\"isPartOf\":{\"@id\":\"https:\/\/otizmanka.com.tr\/#website\"},\"datePublished\":\"2019-12-10T11:03:02+00:00\",\"dateModified\":\"2022-11-01T08:41:41+00:00\",\"breadcrumb\":{\"@id\":\"https:\/\/otizmanka.com.tr\/makaleler\/#breadcrumb\"},\"inLanguage\":\"en-US\",\"potentialAction\":[{\"@type\":\"ReadAction\",\"target\":[\"https:\/\/otizmanka.com.tr\/makaleler\/\"]}]},{\"@type\":\"BreadcrumbList\",\"@id\":\"https:\/\/otizmanka.com.tr\/makaleler\/#breadcrumb\",\"itemListElement\":[{\"@type\":\"ListItem\",\"position\":1,\"name\":\"Home\",\"item\":\"https:\/\/otizmanka.com.tr\/\"},{\"@type\":\"ListItem\",\"position\":2,\"name\":\"Makaleler\"}]},{\"@type\":\"WebSite\",\"@id\":\"https:\/\/otizmanka.com.tr\/#website\",\"url\":\"https:\/\/otizmanka.com.tr\/\",\"name\":\"Otizm Anka E\u011fitim Kurumlar\u0131\",\"description\":\"Siz \u00c7al\u0131\u015f\u0131n, Onlar Ba\u015far\u0131r.\",\"publisher\":{\"@id\":\"https:\/\/otizmanka.com.tr\/#organization\"},\"potentialAction\":[{\"@type\":\"SearchAction\",\"target\":{\"@type\":\"EntryPoint\",\"urlTemplate\":\"https:\/\/otizmanka.com.tr\/?s={search_term_string}\"},\"query-input\":\"required name=search_term_string\"}],\"inLanguage\":\"en-US\"},{\"@type\":\"Organization\",\"@id\":\"https:\/\/otizmanka.com.tr\/#organization\",\"name\":\"Otizm Anka E\u011fitim Kurumlar\u0131\",\"url\":\"https:\/\/otizmanka.com.tr\/\",\"logo\":{\"@type\":\"ImageObject\",\"inLanguage\":\"en-US\",\"@id\":\"https:\/\/otizmanka.com.tr\/#\/schema\/logo\/image\/\",\"url\":\"https:\/\/otizmanka.com.tr\/wp-content\/uploads\/2020\/01\/ankalogo-1-Ozel.png\",\"contentUrl\":\"https:\/\/otizmanka.com.tr\/wp-content\/uploads\/2020\/01\/ankalogo-1-Ozel.png\",\"width\":300,\"height\":300,\"caption\":\"Otizm Anka E\u011fitim Kurumlar\u0131\"},\"image\":{\"@id\":\"https:\/\/otizmanka.com.tr\/#\/schema\/logo\/image\/\"}}]}<\/script>\n<!-- \/ Yoast SEO Premium plugin. -->","yoast_head_json":{"title":"Makaleler - Otizm Anka E\u011fitim Kurumlar\u0131","robots":{"index":"index","follow":"follow","max-snippet":"max-snippet:-1","max-image-preview":"max-image-preview:large","max-video-preview":"max-video-preview:-1"},"canonical":"https:\/\/otizmanka.com.tr\/en\/makaleler\/","og_locale":"en_US","og_type":"article","og_title":"Makaleler","og_description":"Share on facebook Share on twitter Share on linkedin","og_url":"https:\/\/otizmanka.com.tr\/en\/makaleler\/","og_site_name":"Otizm Anka E\u011fitim Kurumlar\u0131","article_modified_time":"2022-11-01T08:41:41+00:00","twitter_card":"summary_large_image","schema":{"@context":"https:\/\/schema.org","@graph":[{"@type":"WebPage","@id":"https:\/\/otizmanka.com.tr\/makaleler\/","url":"https:\/\/otizmanka.com.tr\/makaleler\/","name":"Makaleler - Otizm Anka E\u011fitim Kurumlar\u0131","isPartOf":{"@id":"https:\/\/otizmanka.com.tr\/#website"},"datePublished":"2019-12-10T11:03:02+00:00","dateModified":"2022-11-01T08:41:41+00:00","breadcrumb":{"@id":"https:\/\/otizmanka.com.tr\/makaleler\/#breadcrumb"},"inLanguage":"en-US","potentialAction":[{"@type":"ReadAction","target":["https:\/\/otizmanka.com.tr\/makaleler\/"]}]},{"@type":"BreadcrumbList","@id":"https:\/\/otizmanka.com.tr\/makaleler\/#breadcrumb","itemListElement":[{"@type":"ListItem","position":1,"name":"Home","item":"https:\/\/otizmanka.com.tr\/"},{"@type":"ListItem","position":2,"name":"Makaleler"}]},{"@type":"WebSite","@id":"https:\/\/otizmanka.com.tr\/#website","url":"https:\/\/otizmanka.com.tr\/","name":"Otizm Anka E\u011fitim Kurumlar\u0131","description":"Siz \u00c7al\u0131\u015f\u0131n, Onlar Ba\u015far\u0131r.","publisher":{"@id":"https:\/\/otizmanka.com.tr\/#organization"},"potentialAction":[{"@type":"SearchAction","target":{"@type":"EntryPoint","urlTemplate":"https:\/\/otizmanka.com.tr\/?s={search_term_string}"},"query-input":"required name=search_term_string"}],"inLanguage":"en-US"},{"@type":"Organization","@id":"https:\/\/otizmanka.com.tr\/#organization","name":"Otizm Anka E\u011fitim Kurumlar\u0131","url":"https:\/\/otizmanka.com.tr\/","logo":{"@type":"ImageObject","inLanguage":"en-US","@id":"https:\/\/otizmanka.com.tr\/#\/schema\/logo\/image\/","url":"https:\/\/otizmanka.com.tr\/wp-content\/uploads\/2020\/01\/ankalogo-1-Ozel.png","contentUrl":"https:\/\/otizmanka.com.tr\/wp-content\/uploads\/2020\/01\/ankalogo-1-Ozel.png","width":300,"height":300,"caption":"Otizm Anka E\u011fitim Kurumlar\u0131"},"image":{"@id":"https:\/\/otizmanka.com.tr\/#\/schema\/logo\/image\/"}}]}},"_links":{"self":[{"href":"https:\/\/otizmanka.com.tr\/en\/wp-json\/wp\/v2\/pages\/595","targetHints":{"allow":["GET"]}}],"collection":[{"href":"https:\/\/otizmanka.com.tr\/en\/wp-json\/wp\/v2\/pages"}],"about":[{"href":"https:\/\/otizmanka.com.tr\/en\/wp-json\/wp\/v2\/types\/page"}],"author":[{"embeddable":true,"href":"https:\/\/otizmanka.com.tr\/en\/wp-json\/wp\/v2\/users\/1"}],"replies":[{"embeddable":true,"href":"https:\/\/otizmanka.com.tr\/en\/wp-json\/wp\/v2\/comments?post=595"}],"version-history":[{"count":23,"href":"https:\/\/otizmanka.com.tr\/en\/wp-json\/wp\/v2\/pages\/595\/revisions"}],"predecessor-version":[{"id":990774,"href":"https:\/\/otizmanka.com.tr\/en\/wp-json\/wp\/v2\/pages\/595\/revisions\/990774"}],"wp:attachment":[{"href":"https:\/\/otizmanka.com.tr\/en\/wp-json\/wp\/v2\/media?parent=595"}],"curies":[{"name":"wp","href":"https:\/\/api.w.org\/{rel}","templated":true}]}}