{"id":989222,"date":"2022-11-01T11:39:34","date_gmt":"2022-11-01T08:39:34","guid":{"rendered":"http:\/\/otizmanka.com.tr\/?page_id=989222"},"modified":"2022-11-01T11:40:42","modified_gmt":"2022-11-01T08:40:42","slug":"duyurular","status":"publish","type":"page","link":"https:\/\/otizmanka.com.tr\/en\/duyurular\/","title":{"rendered":"Announcements"},"content":{"rendered":"<div data-elementor-type=\"wp-page\" data-elementor-id=\"989222\" class=\"elementor elementor-989222\" data-elementor-post-type=\"page\">\n\t\t\t\t\t\t\t\t\t<section class=\"elementor-section elementor-top-section elementor-element elementor-element-811e4e3 elementor-section-boxed elementor-section-height-default elementor-section-height-default\" data-id=\"811e4e3\" data-element_type=\"section\" data-settings=\"{&quot;background_background&quot;:&quot;classic&quot;,&quot;shape_divider_bottom&quot;:&quot;vamtam-waves&quot;}\">\n\t\t\t\t\t\t<div class=\"elementor-container elementor-column-gap-default\">\n\t\t\t\t\t<div class=\"elementor-column elementor-col-66 elementor-top-column elementor-element elementor-element-64a137f9\" data-id=\"64a137f9\" data-element_type=\"column\">\n\t\t\t<div class=\"elementor-widget-wrap elementor-element-populated\">\n\t\t\t\t\t\t\t\t<div class=\"elementor-element elementor-element-22944e36 elementor-grid-2 elementor-grid-tablet-1 elementor-posts--align-left elementor-posts__hover-none elementor-grid-mobile-1 elementor-posts--thumbnail-top elementor-widget elementor-widget-posts\" data-id=\"22944e36\" data-element_type=\"widget\" data-settings=\"{&quot;cards_columns&quot;:&quot;2&quot;,&quot;cards_columns_tablet&quot;:&quot;1&quot;,&quot;pagination_type&quot;:&quot;numbers_and_prev_next&quot;,&quot;cards_row_gap&quot;:{&quot;unit&quot;:&quot;px&quot;,&quot;size&quot;:40,&quot;sizes&quot;:[]},&quot;cards_columns_mobile&quot;:&quot;1&quot;,&quot;cards_row_gap_tablet&quot;:{&quot;unit&quot;:&quot;px&quot;,&quot;size&quot;:&quot;&quot;,&quot;sizes&quot;:[]},&quot;cards_row_gap_mobile&quot;:{&quot;unit&quot;:&quot;px&quot;,&quot;size&quot;:&quot;&quot;,&quot;sizes&quot;:[]}}\" data-widget_type=\"posts.cards\">\n\t\t\t\t<div class=\"elementor-widget-container\">\n\t\t\t\t\t<div class=\"elementor-posts-container elementor-posts elementor-posts--skin-cards elementor-grid\">\n\t\t\t\t<article class=\"elementor-post elementor-grid-item post-989666 post type-post status-publish format-standard has-post-thumbnail hentry category-duyurular\">\n\t\t\t<div class=\"elementor-post__card\">\n\t\t\t\t<a class=\"elementor-post__thumbnail__link\" href=\"https:\/\/otizmanka.com.tr\/en\/anka-mimaroba-kampusu-acildi\/\" tabindex=\"-1\" ><div class=\"elementor-post__thumbnail\"><img fetchpriority=\"high\" decoding=\"async\" width=\"1024\" height=\"683\" src=\"https:\/\/otizmanka.com.tr\/wp-content\/uploads\/2022\/10\/HKNK1493-1024x683.jpg\" class=\"attachment-large size-large wp-image-988295\" alt=\"\" srcset=\"https:\/\/otizmanka.com.tr\/wp-content\/uploads\/2022\/10\/HKNK1493-1024x683.jpg 1024w, https:\/\/otizmanka.com.tr\/wp-content\/uploads\/2022\/10\/HKNK1493-300x200.jpg 300w, https:\/\/otizmanka.com.tr\/wp-content\/uploads\/2022\/10\/HKNK1493-768x512.jpg 768w, https:\/\/otizmanka.com.tr\/wp-content\/uploads\/2022\/10\/HKNK1493-1536x1024.jpg 1536w, https:\/\/otizmanka.com.tr\/wp-content\/uploads\/2022\/10\/HKNK1493-2048x1365.jpg 2048w, https:\/\/otizmanka.com.tr\/wp-content\/uploads\/2022\/10\/HKNK1493-18x12.jpg 18w\" sizes=\"(max-width: 1024px) 100vw, 1024px\" \/><\/div><\/a>\n\t\t\t\t<div class=\"elementor-post__badge\">Announcements<\/div>\n\t\t\t\t<div class=\"elementor-post__text\">\n\t\t\t\t<h3 class=\"elementor-post__title\">\n\t\t\t<a href=\"https:\/\/otizmanka.com.tr\/en\/anka-mimaroba-kampusu-acildi\/\" >\n\t\t\t\tAnka Mimaroba Kamp\u00fcs\u00fc A\u00e7\u0131ld\u0131\t\t\t<\/a>\n\t\t<\/h3>\n\t\t\t\t<div class=\"elementor-post__excerpt\">\n\t\t\t<p>Anka her yerde, Anka uzman e\u011fitimci kadrosu ile art\u0131k Mimaroba&#8217;da. Daha \u00e7ok \u00e7ocu\u011fu do\u011fru ve nitelikli e\u011fitime ula\u015ft\u0131rma hedefimize b\u00fcy\u00fcyerek devam ediyoruz.<\/p>\n\t\t<\/div>\n\t\t\n\t\t<a class=\"elementor-post__read-more\" href=\"https:\/\/otizmanka.com.tr\/en\/anka-mimaroba-kampusu-acildi\/\" aria-label=\"Read more about Anka Mimaroba Kamp\u00fcs\u00fc A\u00e7\u0131ld\u0131\" tabindex=\"-1\" >\n\t\t\tRead More \u279d\t\t<\/a>\n\n\t\t\t\t<\/div>\n\t\t\t\t\t<\/div>\n\t\t<\/article>\n\t\t\t\t<article class=\"elementor-post elementor-grid-item post-989660 post type-post status-publish format-standard has-post-thumbnail hentry category-duyurular\">\n\t\t\t<div class=\"elementor-post__card\">\n\t\t\t\t<a class=\"elementor-post__thumbnail__link\" href=\"https:\/\/otizmanka.com.tr\/en\/ogrencimiz-alp-anaokullu-oldu\/\" tabindex=\"-1\" ><div class=\"elementor-post__thumbnail\"><img decoding=\"async\" width=\"1024\" height=\"683\" src=\"https:\/\/otizmanka.com.tr\/wp-content\/uploads\/2022\/10\/HKNK1110-1024x683.jpg\" class=\"attachment-large size-large wp-image-988252\" alt=\"\" srcset=\"https:\/\/otizmanka.com.tr\/wp-content\/uploads\/2022\/10\/HKNK1110-1024x683.jpg 1024w, https:\/\/otizmanka.com.tr\/wp-content\/uploads\/2022\/10\/HKNK1110-300x200.jpg 300w, https:\/\/otizmanka.com.tr\/wp-content\/uploads\/2022\/10\/HKNK1110-768x512.jpg 768w, https:\/\/otizmanka.com.tr\/wp-content\/uploads\/2022\/10\/HKNK1110-1536x1024.jpg 1536w, https:\/\/otizmanka.com.tr\/wp-content\/uploads\/2022\/10\/HKNK1110-2048x1365.jpg 2048w, https:\/\/otizmanka.com.tr\/wp-content\/uploads\/2022\/10\/HKNK1110-18x12.jpg 18w\" sizes=\"(max-width: 1024px) 100vw, 1024px\" \/><\/div><\/a>\n\t\t\t\t<div class=\"elementor-post__badge\">Announcements<\/div>\n\t\t\t\t<div class=\"elementor-post__text\">\n\t\t\t\t<h3 class=\"elementor-post__title\">\n\t\t\t<a href=\"https:\/\/otizmanka.com.tr\/en\/ogrencimiz-alp-anaokullu-oldu\/\" >\n\t\t\t\t\u00d6\u011frencimiz Alp Anaokullu Oldu\t\t\t<\/a>\n\t\t<\/h3>\n\t\t\t\t<div class=\"elementor-post__excerpt\">\n\t\t\t<p>E\u011fitime ba\u015flad\u0131\u011f\u0131 g\u00fcnden bu g\u00fcne kadar \u00e7ok b\u00fcy\u00fck bir geli\u015fim g\u00f6steren \u00f6\u011frencimiz Emir Alp, bilinen t\u00fcm kal\u0131plar\u0131 k\u0131rd\u0131 ve otizmin karanl\u0131\u011f\u0131ndan hayat\u0131n ayd\u0131nl\u0131\u011f\u0131na b\u00fcy\u00fck bir<\/p>\n\t\t<\/div>\n\t\t\n\t\t<a class=\"elementor-post__read-more\" href=\"https:\/\/otizmanka.com.tr\/en\/ogrencimiz-alp-anaokullu-oldu\/\" aria-label=\"Read more about \u00d6\u011frencimiz Alp Anaokullu Oldu\" tabindex=\"-1\" >\n\t\t\tRead More \u279d\t\t<\/a>\n\n\t\t\t\t<\/div>\n\t\t\t\t\t<\/div>\n\t\t<\/article>\n\t\t\t\t<article class=\"elementor-post elementor-grid-item post-989651 post type-post status-publish format-standard has-post-thumbnail hentry category-duyurular\">\n\t\t\t<div class=\"elementor-post__card\">\n\t\t\t\t<a class=\"elementor-post__thumbnail__link\" href=\"https:\/\/otizmanka.com.tr\/en\/ogrencimiz-omer-universiteli-oldu\/\" tabindex=\"-1\" ><div class=\"elementor-post__thumbnail\"><img decoding=\"async\" width=\"1024\" height=\"683\" src=\"https:\/\/otizmanka.com.tr\/wp-content\/uploads\/2022\/10\/MICO3249-1024x683.jpg\" class=\"attachment-large size-large wp-image-988192\" alt=\"\" srcset=\"https:\/\/otizmanka.com.tr\/wp-content\/uploads\/2022\/10\/MICO3249-1024x683.jpg 1024w, https:\/\/otizmanka.com.tr\/wp-content\/uploads\/2022\/10\/MICO3249-300x200.jpg 300w, https:\/\/otizmanka.com.tr\/wp-content\/uploads\/2022\/10\/MICO3249-768x512.jpg 768w, https:\/\/otizmanka.com.tr\/wp-content\/uploads\/2022\/10\/MICO3249-1536x1024.jpg 1536w, https:\/\/otizmanka.com.tr\/wp-content\/uploads\/2022\/10\/MICO3249-2048x1365.jpg 2048w, https:\/\/otizmanka.com.tr\/wp-content\/uploads\/2022\/10\/MICO3249-18x12.jpg 18w\" sizes=\"(max-width: 1024px) 100vw, 1024px\" \/><\/div><\/a>\n\t\t\t\t<div class=\"elementor-post__badge\">Announcements<\/div>\n\t\t\t\t<div class=\"elementor-post__text\">\n\t\t\t\t<h3 class=\"elementor-post__title\">\n\t\t\t<a href=\"https:\/\/otizmanka.com.tr\/en\/ogrencimiz-omer-universiteli-oldu\/\" >\n\t\t\t\t\u00d6\u011frencimiz \u00d6mer \u00dcniversiteli Oldu\t\t\t<\/a>\n\t\t<\/h3>\n\t\t\t\t<div class=\"elementor-post__excerpt\">\n\t\t\t<p>Kurumumuzda e\u011fitim alan \u00f6\u011frencimiz \u00d6mer k\u00fcllerinden yeniden do\u011fan bir Anka ku\u015fu gibi hayat\u0131n ayd\u0131nl\u0131\u011f\u0131na ad\u0131m\u0131n\u0131 att\u0131. \u00d6mer girdi\u011fi \u00fcniversite s\u0131nav\u0131ndan yeterli puan\u0131 alarak \u00fcniversitenin lisans<\/p>\n\t\t<\/div>\n\t\t\n\t\t<a class=\"elementor-post__read-more\" href=\"https:\/\/otizmanka.com.tr\/en\/ogrencimiz-omer-universiteli-oldu\/\" aria-label=\"Read more about \u00d6\u011frencimiz \u00d6mer \u00dcniversiteli Oldu\" tabindex=\"-1\" >\n\t\t\tRead More \u279d\t\t<\/a>\n\n\t\t\t\t<\/div>\n\t\t\t\t\t<\/div>\n\t\t<\/article>\n\t\t\t\t<article class=\"elementor-post elementor-grid-item post-989646 post type-post status-publish format-standard has-post-thumbnail hentry category-duyurular\">\n\t\t\t<div class=\"elementor-post__card\">\n\t\t\t\t<a class=\"elementor-post__thumbnail__link\" href=\"https:\/\/otizmanka.com.tr\/en\/bir-ogrencimiz-daha-mezun\/\" tabindex=\"-1\" ><div class=\"elementor-post__thumbnail\"><img loading=\"lazy\" decoding=\"async\" width=\"1024\" height=\"683\" src=\"https:\/\/otizmanka.com.tr\/wp-content\/uploads\/2022\/10\/MICO4785-1024x683.jpg\" class=\"attachment-large size-large wp-image-988332\" alt=\"\" srcset=\"https:\/\/otizmanka.com.tr\/wp-content\/uploads\/2022\/10\/MICO4785-1024x683.jpg 1024w, https:\/\/otizmanka.com.tr\/wp-content\/uploads\/2022\/10\/MICO4785-300x200.jpg 300w, https:\/\/otizmanka.com.tr\/wp-content\/uploads\/2022\/10\/MICO4785-768x512.jpg 768w, https:\/\/otizmanka.com.tr\/wp-content\/uploads\/2022\/10\/MICO4785-1536x1024.jpg 1536w, https:\/\/otizmanka.com.tr\/wp-content\/uploads\/2022\/10\/MICO4785-2048x1365.jpg 2048w, https:\/\/otizmanka.com.tr\/wp-content\/uploads\/2022\/10\/MICO4785-18x12.jpg 18w\" sizes=\"(max-width: 1024px) 100vw, 1024px\" \/><\/div><\/a>\n\t\t\t\t<div class=\"elementor-post__badge\">Announcements<\/div>\n\t\t\t\t<div class=\"elementor-post__text\">\n\t\t\t\t<h3 class=\"elementor-post__title\">\n\t\t\t<a href=\"https:\/\/otizmanka.com.tr\/en\/bir-ogrencimiz-daha-mezun\/\" >\n\t\t\t\tBir \u00d6\u011frencimiz Daha Mezun\t\t\t<\/a>\n\t\t<\/h3>\n\t\t\t\t<div class=\"elementor-post__excerpt\">\n\t\t\t<p>Bir \u00f6\u011frencimizi daha mezun etmi\u015f olman\u0131n gururunu ya\u015f\u0131yoruz. \u00d6\u011frencimiz Masal otizmin karanl\u0131\u011f\u0131ndan hayat\u0131n ayd\u0131nl\u0131\u011f\u0131na kocaman ad\u0131mlarla ko\u015ftu. Bu yolculukta ona rehber olmaktan ve ilkleri ba\u015farman\u0131n<\/p>\n\t\t<\/div>\n\t\t\n\t\t<a class=\"elementor-post__read-more\" href=\"https:\/\/otizmanka.com.tr\/en\/bir-ogrencimiz-daha-mezun\/\" aria-label=\"Read more about Bir \u00d6\u011frencimiz Daha Mezun\" tabindex=\"-1\" >\n\t\t\tRead More \u279d\t\t<\/a>\n\n\t\t\t\t<\/div>\n\t\t\t\t\t<\/div>\n\t\t<\/article>\n\t\t\t\t<\/div>\n\t\t\n\t\t\t\t<\/div>\n\t\t\t\t<\/div>\n\t\t\t\t\t<\/div>\n\t\t<\/div>\n\t\t\t\t<div class=\"elementor-column elementor-col-33 elementor-top-column elementor-element elementor-element-42185d83\" data-id=\"42185d83\" data-element_type=\"column\">\n\t\t\t<div class=\"elementor-widget-wrap elementor-element-populated\">\n\t\t\t\t\t\t\t\t<div class=\"elementor-element elementor-element-1ecd31c5 elementor-grid-3 elementor-share-buttons--shape-rounded elementor-share-buttons--view-icon elementor-share-buttons--skin-gradient elementor-share-buttons--color-official elementor-invisible elementor-widget elementor-widget-share-buttons\" data-id=\"1ecd31c5\" data-element_type=\"widget\" data-settings=\"{&quot;_animation&quot;:&quot;fadeIn&quot;,&quot;_animation_delay&quot;:100}\" data-widget_type=\"share-buttons.default\">\n\t\t\t\t<div class=\"elementor-widget-container\">\n\t\t\t\t\t<div class=\"elementor-grid\">\n\t\t\t\t\t\t\t\t<div class=\"elementor-grid-item\">\n\t\t\t\t\t\t<div\n\t\t\t\t\t\t\tclass=\"elementor-share-btn elementor-share-btn_facebook\"\n\t\t\t\t\t\t\trole=\"button\"\n\t\t\t\t\t\t\ttabindex=\"0\"\n\t\t\t\t\t\t\taria-label=\"Share on facebook\"\n\t\t\t\t\t\t>\n\t\t\t\t\t\t\t\t\t\t\t\t\t\t\t<span class=\"elementor-share-btn__icon\">\n\t\t\t\t\t\t\t\t<i class=\"fab fa-facebook\" aria-hidden=\"true\"><\/i>\t\t\t\t\t\t\t<\/span>\n\t\t\t\t\t\t\t\t\t\t\t\t\t\t\t\t\t\t\t\t<\/div>\n\t\t\t\t\t<\/div>\n\t\t\t\t\t\t\t\t\t<div class=\"elementor-grid-item\">\n\t\t\t\t\t\t<div\n\t\t\t\t\t\t\tclass=\"elementor-share-btn elementor-share-btn_twitter\"\n\t\t\t\t\t\t\trole=\"button\"\n\t\t\t\t\t\t\ttabindex=\"0\"\n\t\t\t\t\t\t\taria-label=\"Share on twitter\"\n\t\t\t\t\t\t>\n\t\t\t\t\t\t\t\t\t\t\t\t\t\t\t<span class=\"elementor-share-btn__icon\">\n\t\t\t\t\t\t\t\t<i class=\"fab fa-twitter\" aria-hidden=\"true\"><\/i>\t\t\t\t\t\t\t<\/span>\n\t\t\t\t\t\t\t\t\t\t\t\t\t\t\t\t\t\t\t\t<\/div>\n\t\t\t\t\t<\/div>\n\t\t\t\t\t\t\t\t\t<div class=\"elementor-grid-item\">\n\t\t\t\t\t\t<div\n\t\t\t\t\t\t\tclass=\"elementor-share-btn elementor-share-btn_linkedin\"\n\t\t\t\t\t\t\trole=\"button\"\n\t\t\t\t\t\t\ttabindex=\"0\"\n\t\t\t\t\t\t\taria-label=\"Share on linkedin\"\n\t\t\t\t\t\t>\n\t\t\t\t\t\t\t\t\t\t\t\t\t\t\t<span class=\"elementor-share-btn__icon\">\n\t\t\t\t\t\t\t\t<i class=\"fab fa-linkedin\" aria-hidden=\"true\"><\/i>\t\t\t\t\t\t\t<\/span>\n\t\t\t\t\t\t\t\t\t\t\t\t\t\t\t\t\t\t\t\t<\/div>\n\t\t\t\t\t<\/div>\n\t\t\t\t\t\t<\/div>\n\t\t\t\t<\/div>\n\t\t\t\t<\/div>\n\t\t\t\t<div class=\"elementor-element elementor-element-2400aab2 elementor-invisible elementor-widget elementor-widget-facebook-embed\" data-id=\"2400aab2\" data-element_type=\"widget\" data-settings=\"{&quot;_animation&quot;:&quot;fadeIn&quot;,&quot;_animation_delay&quot;:200}\" data-widget_type=\"facebook-embed.default\">\n\t\t\t\t<div class=\"elementor-widget-container\">\n\t\t\t<div style=\"min-height: 1px\" class=\"elementor-facebook-widget fb-post\" data-href=\"https:\/\/www.facebook.com\/otizmanka\/posts\/pfbid02Xi81c3CJ4XhDX2um6Gext8UmWAYUwG7YaVgSKDgwBPdx6kehuXvd8QP7qi7nJK28l\" data-show-text=\"true\"><\/div>\t\t<\/div>\n\t\t\t\t<\/div>\n\t\t\t\t\t<\/div>\n\t\t<\/div>\n\t\t\t\t\t\t\t<\/div>\n\t\t<\/section>\n\t\t\t\t\t\t\t<\/div>","protected":false},"excerpt":{"rendered":"<p>Share on facebook Share on twitter Share on linkedin<\/p>","protected":false},"author":1,"featured_media":0,"parent":0,"menu_order":0,"comment_status":"closed","ping_status":"closed","template":"","meta":{"footnotes":""},"class_list":["post-989222","page","type-page","status-publish","hentry"],"yoast_head":"<!-- This site is optimized with the Yoast SEO Premium plugin v20.1 (Yoast SEO v20.1) - https:\/\/yoast.com\/wordpress\/plugins\/seo\/ -->\n<title>Duyurular - Otizm Anka E\u011fitim Kurumlar\u0131<\/title>\n<meta name=\"robots\" content=\"index, follow, max-snippet:-1, max-image-preview:large, max-video-preview:-1\" \/>\n<link rel=\"canonical\" href=\"https:\/\/otizmanka.com.tr\/en\/duyurular\/\" \/>\n<meta property=\"og:locale\" content=\"en_US\" \/>\n<meta property=\"og:type\" content=\"article\" \/>\n<meta property=\"og:title\" content=\"Duyurular\" \/>\n<meta property=\"og:description\" content=\"Share on facebook Share on twitter Share on linkedin\" \/>\n<meta property=\"og:url\" content=\"https:\/\/otizmanka.com.tr\/en\/duyurular\/\" \/>\n<meta property=\"og:site_name\" content=\"Otizm Anka E\u011fitim Kurumlar\u0131\" \/>\n<meta property=\"article:modified_time\" content=\"2022-11-01T08:40:42+00:00\" \/>\n<meta name=\"twitter:card\" content=\"summary_large_image\" \/>\n<script type=\"application\/ld+json\" class=\"yoast-schema-graph\">{\"@context\":\"https:\/\/schema.org\",\"@graph\":[{\"@type\":\"WebPage\",\"@id\":\"https:\/\/otizmanka.com.tr\/duyurular\/\",\"url\":\"https:\/\/otizmanka.com.tr\/duyurular\/\",\"name\":\"Duyurular - Otizm Anka E\u011fitim Kurumlar\u0131\",\"isPartOf\":{\"@id\":\"https:\/\/otizmanka.com.tr\/#website\"},\"datePublished\":\"2022-11-01T08:39:34+00:00\",\"dateModified\":\"2022-11-01T08:40:42+00:00\",\"breadcrumb\":{\"@id\":\"https:\/\/otizmanka.com.tr\/duyurular\/#breadcrumb\"},\"inLanguage\":\"en-US\",\"potentialAction\":[{\"@type\":\"ReadAction\",\"target\":[\"https:\/\/otizmanka.com.tr\/duyurular\/\"]}]},{\"@type\":\"BreadcrumbList\",\"@id\":\"https:\/\/otizmanka.com.tr\/duyurular\/#breadcrumb\",\"itemListElement\":[{\"@type\":\"ListItem\",\"position\":1,\"name\":\"Home\",\"item\":\"https:\/\/otizmanka.com.tr\/\"},{\"@type\":\"ListItem\",\"position\":2,\"name\":\"Duyurular\"}]},{\"@type\":\"WebSite\",\"@id\":\"https:\/\/otizmanka.com.tr\/#website\",\"url\":\"https:\/\/otizmanka.com.tr\/\",\"name\":\"Otizm Anka E\u011fitim Kurumlar\u0131\",\"description\":\"Siz \u00c7al\u0131\u015f\u0131n, Onlar Ba\u015far\u0131r.\",\"publisher\":{\"@id\":\"https:\/\/otizmanka.com.tr\/#organization\"},\"potentialAction\":[{\"@type\":\"SearchAction\",\"target\":{\"@type\":\"EntryPoint\",\"urlTemplate\":\"https:\/\/otizmanka.com.tr\/?s={search_term_string}\"},\"query-input\":\"required name=search_term_string\"}],\"inLanguage\":\"en-US\"},{\"@type\":\"Organization\",\"@id\":\"https:\/\/otizmanka.com.tr\/#organization\",\"name\":\"Otizm Anka E\u011fitim Kurumlar\u0131\",\"url\":\"https:\/\/otizmanka.com.tr\/\",\"logo\":{\"@type\":\"ImageObject\",\"inLanguage\":\"en-US\",\"@id\":\"https:\/\/otizmanka.com.tr\/#\/schema\/logo\/image\/\",\"url\":\"https:\/\/otizmanka.com.tr\/wp-content\/uploads\/2020\/01\/ankalogo-1-Ozel.png\",\"contentUrl\":\"https:\/\/otizmanka.com.tr\/wp-content\/uploads\/2020\/01\/ankalogo-1-Ozel.png\",\"width\":300,\"height\":300,\"caption\":\"Otizm Anka E\u011fitim Kurumlar\u0131\"},\"image\":{\"@id\":\"https:\/\/otizmanka.com.tr\/#\/schema\/logo\/image\/\"}}]}<\/script>\n<!-- \/ Yoast SEO Premium plugin. -->","yoast_head_json":{"title":"Duyurular - Otizm Anka E\u011fitim Kurumlar\u0131","robots":{"index":"index","follow":"follow","max-snippet":"max-snippet:-1","max-image-preview":"max-image-preview:large","max-video-preview":"max-video-preview:-1"},"canonical":"https:\/\/otizmanka.com.tr\/en\/duyurular\/","og_locale":"en_US","og_type":"article","og_title":"Duyurular","og_description":"Share on facebook Share on twitter Share on linkedin","og_url":"https:\/\/otizmanka.com.tr\/en\/duyurular\/","og_site_name":"Otizm Anka E\u011fitim Kurumlar\u0131","article_modified_time":"2022-11-01T08:40:42+00:00","twitter_card":"summary_large_image","schema":{"@context":"https:\/\/schema.org","@graph":[{"@type":"WebPage","@id":"https:\/\/otizmanka.com.tr\/duyurular\/","url":"https:\/\/otizmanka.com.tr\/duyurular\/","name":"Duyurular - Otizm Anka E\u011fitim Kurumlar\u0131","isPartOf":{"@id":"https:\/\/otizmanka.com.tr\/#website"},"datePublished":"2022-11-01T08:39:34+00:00","dateModified":"2022-11-01T08:40:42+00:00","breadcrumb":{"@id":"https:\/\/otizmanka.com.tr\/duyurular\/#breadcrumb"},"inLanguage":"en-US","potentialAction":[{"@type":"ReadAction","target":["https:\/\/otizmanka.com.tr\/duyurular\/"]}]},{"@type":"BreadcrumbList","@id":"https:\/\/otizmanka.com.tr\/duyurular\/#breadcrumb","itemListElement":[{"@type":"ListItem","position":1,"name":"Home","item":"https:\/\/otizmanka.com.tr\/"},{"@type":"ListItem","position":2,"name":"Duyurular"}]},{"@type":"WebSite","@id":"https:\/\/otizmanka.com.tr\/#website","url":"https:\/\/otizmanka.com.tr\/","name":"Otizm Anka E\u011fitim Kurumlar\u0131","description":"Siz \u00c7al\u0131\u015f\u0131n, Onlar Ba\u015far\u0131r.","publisher":{"@id":"https:\/\/otizmanka.com.tr\/#organization"},"potentialAction":[{"@type":"SearchAction","target":{"@type":"EntryPoint","urlTemplate":"https:\/\/otizmanka.com.tr\/?s={search_term_string}"},"query-input":"required name=search_term_string"}],"inLanguage":"en-US"},{"@type":"Organization","@id":"https:\/\/otizmanka.com.tr\/#organization","name":"Otizm Anka E\u011fitim Kurumlar\u0131","url":"https:\/\/otizmanka.com.tr\/","logo":{"@type":"ImageObject","inLanguage":"en-US","@id":"https:\/\/otizmanka.com.tr\/#\/schema\/logo\/image\/","url":"https:\/\/otizmanka.com.tr\/wp-content\/uploads\/2020\/01\/ankalogo-1-Ozel.png","contentUrl":"https:\/\/otizmanka.com.tr\/wp-content\/uploads\/2020\/01\/ankalogo-1-Ozel.png","width":300,"height":300,"caption":"Otizm Anka E\u011fitim Kurumlar\u0131"},"image":{"@id":"https:\/\/otizmanka.com.tr\/#\/schema\/logo\/image\/"}}]}},"_links":{"self":[{"href":"https:\/\/otizmanka.com.tr\/en\/wp-json\/wp\/v2\/pages\/989222","targetHints":{"allow":["GET"]}}],"collection":[{"href":"https:\/\/otizmanka.com.tr\/en\/wp-json\/wp\/v2\/pages"}],"about":[{"href":"https:\/\/otizmanka.com.tr\/en\/wp-json\/wp\/v2\/types\/page"}],"author":[{"embeddable":true,"href":"https:\/\/otizmanka.com.tr\/en\/wp-json\/wp\/v2\/users\/1"}],"replies":[{"embeddable":true,"href":"https:\/\/otizmanka.com.tr\/en\/wp-json\/wp\/v2\/comments?post=989222"}],"version-history":[{"count":4,"href":"https:\/\/otizmanka.com.tr\/en\/wp-json\/wp\/v2\/pages\/989222\/revisions"}],"predecessor-version":[{"id":989226,"href":"https:\/\/otizmanka.com.tr\/en\/wp-json\/wp\/v2\/pages\/989222\/revisions\/989226"}],"wp:attachment":[{"href":"https:\/\/otizmanka.com.tr\/en\/wp-json\/wp\/v2\/media?parent=989222"}],"curies":[{"name":"wp","href":"https:\/\/api.w.org\/{rel}","templated":true}]}}