{"id":989478,"date":"2022-11-04T12:42:30","date_gmt":"2022-11-04T09:42:30","guid":{"rendered":"https:\/\/otizmanka.com.tr\/?page_id=989478"},"modified":"2022-12-06T13:07:06","modified_gmt":"2022-12-06T10:07:06","slug":"hareket-egitimi","status":"publish","type":"page","link":"https:\/\/otizmanka.com.tr\/en\/hareket-egitimi\/","title":{"rendered":"Movement Education"},"content":{"rendered":"<div data-elementor-type=\"wp-page\" data-elementor-id=\"989478\" class=\"elementor elementor-989478\" data-elementor-post-type=\"page\">\n\t\t\t\t\t\t\t\t\t<section class=\"elementor-section elementor-top-section elementor-element elementor-element-3dcae2e6 elementor-section-height-min-height elementor-section-boxed elementor-section-height-default elementor-section-items-middle\" data-id=\"3dcae2e6\" data-element_type=\"section\" data-settings=\"{&quot;background_background&quot;:&quot;video&quot;,&quot;background_video_link&quot;:&quot;https:\\\/\\\/www.youtube.com\\\/watch?v=2hI-vfFw3Dk&quot;,&quot;background_video_start&quot;:15,&quot;shape_divider_bottom&quot;:&quot;vamtam-waves&quot;,&quot;background_play_on_mobile&quot;:&quot;yes&quot;}\">\n\t\t\t\t\t\t\t\t<div class=\"elementor-background-video-container\">\n\t\t\t\t\t\t\t\t\t\t\t\t\t<div class=\"elementor-background-video-embed\"><\/div>\n\t\t\t\t\t\t\t\t\t\t\t\t<\/div>\n\t\t\t\t\t\t\t\t\t<div class=\"elementor-background-overlay\"><\/div>\n\t\t\t\t\t\t\t<div class=\"elementor-container elementor-column-gap-default\">\n\t\t\t\t\t<div class=\"elementor-column elementor-col-100 elementor-top-column elementor-element elementor-element-6a524861\" data-id=\"6a524861\" data-element_type=\"column\">\n\t\t\t<div class=\"elementor-widget-wrap elementor-element-populated\">\n\t\t\t\t\t\t\t\t<div class=\"elementor-element elementor-element-18394954 animated-fast elementor-invisible elementor-widget elementor-widget-text-editor\" data-id=\"18394954\" data-element_type=\"widget\" data-settings=\"{&quot;_animation&quot;:&quot;fadeIn&quot;,&quot;_animation_delay&quot;:200}\" data-widget_type=\"text-editor.default\">\n\t\t\t\t<div class=\"elementor-widget-container\">\n\t\t\t\t\t\t\t\t\t\t\t\t\t<\/div>\n\t\t\t\t<\/div>\n\t\t\t\t<div class=\"elementor-element elementor-element-48a2106e elementor-align-center elementor-mobile-align-left elementor-widget elementor-widget-button\" data-id=\"48a2106e\" data-element_type=\"widget\" data-widget_type=\"button.default\">\n\t\t\t\t<div class=\"elementor-widget-container\">\n\t\t\t\t\t<div class=\"elementor-button-wrapper\">\n\t\t\t<a class=\"elementor-button elementor-button-link elementor-size-xl\" href=\"#elementor-action:action=lightbox&settings=eyJ0eXBlIjoidmlkZW8iLCJ2aWRlb1R5cGUiOiJ5b3V0dWJlIiwidXJsIjoiaHR0cHM6XC9cL3d3dy55b3V0dWJlLmNvbVwvZW1iZWRcLzJoSS12ZkZ3M0RrP2ZlYXR1cmU9b2VtYmVkIn0=\">\n\t\t\t\t\t\t<span class=\"elementor-button-content-wrapper\">\n\t\t\t\t\t\t<span class=\"elementor-button-icon elementor-align-icon-left\">\n\t\t\t\t<i aria-hidden=\"true\" class=\"fas fa-play\"><\/i>\t\t\t<\/span>\n\t\t\t\t\t\t<span class=\"elementor-button-text\"><\/span>\n\t\t<\/span>\n\t\t\t\t\t<\/a>\n\t\t<\/div>\n\t\t\t\t<\/div>\n\t\t\t\t<\/div>\n\t\t\t\t\t<\/div>\n\t\t<\/div>\n\t\t\t\t\t\t\t<\/div>\n\t\t<\/section>\n\t\t\t\t<section class=\"elementor-section elementor-top-section elementor-element elementor-element-622a4051 elementor-section-boxed elementor-section-height-default elementor-section-height-default\" data-id=\"622a4051\" data-element_type=\"section\" data-settings=\"{&quot;background_background&quot;:&quot;classic&quot;,&quot;background_motion_fx_motion_fx_scrolling&quot;:&quot;yes&quot;,&quot;background_motion_fx_translateX_effect&quot;:&quot;yes&quot;,&quot;background_motion_fx_translateX_speed&quot;:{&quot;unit&quot;:&quot;px&quot;,&quot;size&quot;:10,&quot;sizes&quot;:[]},&quot;background_motion_fx_translateX_affectedRange&quot;:{&quot;unit&quot;:&quot;%&quot;,&quot;size&quot;:&quot;&quot;,&quot;sizes&quot;:{&quot;start&quot;:31,&quot;end&quot;:100}},&quot;background_motion_fx_devices&quot;:[&quot;desktop&quot;]}\">\n\t\t\t\t\t\t<div class=\"elementor-container elementor-column-gap-default\">\n\t\t\t\t\t<div class=\"elementor-column elementor-col-50 elementor-top-column elementor-element elementor-element-79e2627b\" data-id=\"79e2627b\" data-element_type=\"column\" data-settings=\"{&quot;background_background&quot;:&quot;classic&quot;}\">\n\t\t\t<div class=\"elementor-widget-wrap elementor-element-populated\">\n\t\t\t\t\t\t\t\t<div class=\"elementor-element elementor-element-7f57a156 elementor-widget elementor-widget-image\" data-id=\"7f57a156\" data-element_type=\"widget\" data-widget_type=\"image.default\">\n\t\t\t\t<div class=\"elementor-widget-container\">\n\t\t\t\t\t\t\t\t\t\t\t\t\t\t\t<img decoding=\"async\" src=\"https:\/\/otizmanka.com.tr\/wp-content\/uploads\/elementor\/thumbs\/hareket-egitimi-2-pxqwdoqhh0zwqi4m53grwhcj9t6z1w4ycukh7sxes0.png\" title=\"hareket-egitimi-2\" alt=\"hareket-egitimi-2\" loading=\"lazy\" \/>\t\t\t\t\t\t\t\t\t\t\t\t\t\t\t<\/div>\n\t\t\t\t<\/div>\n\t\t\t\t\t<\/div>\n\t\t<\/div>\n\t\t\t\t<div class=\"elementor-column elementor-col-50 elementor-top-column elementor-element elementor-element-116046ae\" data-id=\"116046ae\" data-element_type=\"column\" data-settings=\"{&quot;background_background&quot;:&quot;classic&quot;}\">\n\t\t\t<div class=\"elementor-widget-wrap elementor-element-populated\">\n\t\t\t\t\t\t\t\t<div class=\"elementor-element elementor-element-453a9a33 elementor-widget elementor-widget-text-editor\" data-id=\"453a9a33\" data-element_type=\"widget\" data-widget_type=\"text-editor.default\">\n\t\t\t\t<div class=\"elementor-widget-container\">\n\t\t\t\t\t\t\t<p>Movement training is the active and effective use of physical movement and the support of the motor skills of the person, and accordingly, the skills of many developmental areas such as attention and concentration, balance and body-area awareness.<\/p><p>Children with autism, who grow up in a limited environment and with limited interaction, have limited communication with other individuals, causing limitations in their personality, social and physical development compared to their peers.<\/p><p>The aim of movement education is to provide all the motor skills required by the age in children with autism, body environmental awareness, sensory processing awareness, providing balance and coordination, improving self-control and attention, strengthening focus and social communication through movement, supporting the acquisition of cognitive skills and accelerating learning.<\/p>\t\t\t\t\t\t<\/div>\n\t\t\t\t<\/div>\n\t\t\t\t\t<\/div>\n\t\t<\/div>\n\t\t\t\t\t\t\t<\/div>\n\t\t<\/section>\n\t\t\t\t<section class=\"elementor-section elementor-top-section elementor-element elementor-element-4b797a6e elementor-reverse-mobile elementor-section-boxed elementor-section-height-default elementor-section-height-default\" data-id=\"4b797a6e\" data-element_type=\"section\" data-settings=\"{&quot;background_background&quot;:&quot;classic&quot;,&quot;background_motion_fx_motion_fx_scrolling&quot;:&quot;yes&quot;,&quot;background_motion_fx_scale_effect&quot;:&quot;yes&quot;,&quot;background_motion_fx_scale_direction&quot;:&quot;in-out&quot;,&quot;background_motion_fx_scale_range&quot;:{&quot;unit&quot;:&quot;%&quot;,&quot;size&quot;:&quot;&quot;,&quot;sizes&quot;:{&quot;start&quot;:0,&quot;end&quot;:40}},&quot;shape_divider_bottom&quot;:&quot;vamtam-waves&quot;,&quot;background_motion_fx_devices&quot;:[&quot;desktop&quot;],&quot;background_motion_fx_scale_speed&quot;:{&quot;unit&quot;:&quot;px&quot;,&quot;size&quot;:4,&quot;sizes&quot;:[]}}\">\n\t\t\t\t\t\t<div class=\"elementor-container elementor-column-gap-default\">\n\t\t\t\t\t<div class=\"elementor-column elementor-col-50 elementor-top-column elementor-element elementor-element-73a5c85\" data-id=\"73a5c85\" data-element_type=\"column\" data-settings=\"{&quot;background_background&quot;:&quot;classic&quot;}\">\n\t\t\t<div class=\"elementor-widget-wrap elementor-element-populated\">\n\t\t\t\t\t\t\t\t<div class=\"elementor-element elementor-element-f12c91c elementor-widget elementor-widget-text-editor\" data-id=\"f12c91c\" data-element_type=\"widget\" data-widget_type=\"text-editor.default\">\n\t\t\t\t<div class=\"elementor-widget-container\">\n\t\t\t\t\t\t\t<p>With movement training, the child's self-confidence increases, his daily life becomes easier, he finds solutions to problems more easily, he socializes more easily, he learns more easily, and most importantly, he can generalize what he has learned to other areas much faster. Movement education and special education are carried out in a coordinated manner, and academic skills are combined with sports to support and generalize their academic skills.<\/p><p>Movement education is carried out especially in early childhood autism, infants with autism risk, children with mild and moderate autism diagnosis, and early childhood children with developmental delay and risk group, by determining its intensity together with the evaluation made by experts.<\/p>\t\t\t\t\t\t<\/div>\n\t\t\t\t<\/div>\n\t\t\t\t\t<\/div>\n\t\t<\/div>\n\t\t\t\t<div class=\"elementor-column elementor-col-50 elementor-top-column elementor-element elementor-element-656f8af8\" data-id=\"656f8af8\" data-element_type=\"column\" data-settings=\"{&quot;background_background&quot;:&quot;classic&quot;}\">\n\t\t\t<div class=\"elementor-widget-wrap elementor-element-populated\">\n\t\t\t\t\t\t\t\t<div class=\"elementor-element elementor-element-7c5c7b56 elementor-widget elementor-widget-image\" data-id=\"7c5c7b56\" data-element_type=\"widget\" data-settings=\"{&quot;motion_fx_motion_fx_scrolling&quot;:&quot;yes&quot;,&quot;motion_fx_translateY_effect&quot;:&quot;yes&quot;,&quot;motion_fx_devices&quot;:[&quot;desktop&quot;],&quot;motion_fx_range&quot;:&quot;page&quot;,&quot;motion_fx_translateY_speed&quot;:{&quot;unit&quot;:&quot;px&quot;,&quot;size&quot;:4,&quot;sizes&quot;:[]},&quot;motion_fx_translateY_affectedRange&quot;:{&quot;unit&quot;:&quot;%&quot;,&quot;size&quot;:&quot;&quot;,&quot;sizes&quot;:{&quot;start&quot;:0,&quot;end&quot;:100}}}\" data-widget_type=\"image.default\">\n\t\t\t\t<div class=\"elementor-widget-container\">\n\t\t\t\t\t\t\t\t\t\t\t\t\t\t\t<img decoding=\"async\" src=\"https:\/\/otizmanka.com.tr\/wp-content\/uploads\/elementor\/thumbs\/hareket-egitimi-3-pxqwdtfof76ccjxsdnhwqy5u8qjt4dnm1htwm6qfww.png\" title=\"hareket-egitimi\" alt=\"hareket-egitimi\" loading=\"lazy\" \/>\t\t\t\t\t\t\t\t\t\t\t\t\t\t\t<\/div>\n\t\t\t\t<\/div>\n\t\t\t\t\t<\/div>\n\t\t<\/div>\n\t\t\t\t\t\t\t<\/div>\n\t\t<\/section>\n\t\t\t\t\t\t\t<\/div>","protected":false},"excerpt":{"rendered":"<p>Hareket e\u011fitimi fiziksel hareketin aktif ve etkili kullan\u0131m\u0131 ile ki\u015finin motor becerilerinin, buna ba\u011fl\u0131 olarak ta dikkat ve konsantrasyon, denge ve v\u00fccut-alan fark\u0131ndal\u0131\u011f\u0131 gibi pek \u00e7ok geli\u015fim alan\u0131 becerilerinin desteklenmesidir. Otizmli \u00e7ocuklar\u0131n, s\u0131n\u0131rl\u0131 bir \u00e7evrede ve s\u0131n\u0131rl\u0131 etkile\u015fim ile b\u00fcy\u00fcmesi neticesinde di\u011fer bireylerle s\u0131n\u0131rl\u0131 ileti\u015fime ge\u00e7mesi, ya\u015f\u0131tlar\u0131na nispeten ki\u015filiklerinde, sosyal ve fiziksel geli\u015fimlerinde k\u0131s\u0131tl\u0131l\u0131k g\u00f6r\u00fclmesine&#8230;<\/p>","protected":false},"author":1,"featured_media":0,"parent":0,"menu_order":0,"comment_status":"closed","ping_status":"closed","template":"","meta":{"footnotes":""},"class_list":["post-989478","page","type-page","status-publish","hentry"],"yoast_head":"<!-- This site is optimized with the Yoast SEO Premium plugin v20.1 (Yoast SEO v20.1) - https:\/\/yoast.com\/wordpress\/plugins\/seo\/ -->\n<title>Hareket E\u011fitimi - Otizm Anka E\u011fitim Kurumlar\u0131<\/title>\n<meta name=\"robots\" content=\"index, follow, max-snippet:-1, max-image-preview:large, max-video-preview:-1\" \/>\n<link rel=\"canonical\" href=\"https:\/\/otizmanka.com.tr\/en\/hareket-egitimi\/\" \/>\n<meta property=\"og:locale\" content=\"en_US\" \/>\n<meta property=\"og:type\" content=\"article\" \/>\n<meta property=\"og:title\" content=\"Hareket E\u011fitimi\" \/>\n<meta property=\"og:description\" content=\"Hareket e\u011fitimi fiziksel hareketin aktif ve etkili kullan\u0131m\u0131 ile ki\u015finin motor becerilerinin, buna ba\u011fl\u0131 olarak ta dikkat ve konsantrasyon, denge ve v\u00fccut-alan fark\u0131ndal\u0131\u011f\u0131 gibi pek \u00e7ok geli\u015fim alan\u0131 becerilerinin desteklenmesidir. Otizmli \u00e7ocuklar\u0131n, s\u0131n\u0131rl\u0131 bir \u00e7evrede ve s\u0131n\u0131rl\u0131 etkile\u015fim ile b\u00fcy\u00fcmesi neticesinde di\u011fer bireylerle s\u0131n\u0131rl\u0131 ileti\u015fime ge\u00e7mesi, ya\u015f\u0131tlar\u0131na nispeten ki\u015filiklerinde, sosyal ve fiziksel geli\u015fimlerinde k\u0131s\u0131tl\u0131l\u0131k g\u00f6r\u00fclmesine...\" \/>\n<meta property=\"og:url\" content=\"https:\/\/otizmanka.com.tr\/en\/hareket-egitimi\/\" \/>\n<meta property=\"og:site_name\" content=\"Otizm Anka E\u011fitim Kurumlar\u0131\" \/>\n<meta property=\"article:modified_time\" content=\"2022-12-06T10:07:06+00:00\" \/>\n<meta property=\"og:image\" content=\"https:\/\/otizmanka.com.tr\/wp-content\/uploads\/elementor\/thumbs\/hareket-egitimi-2-pxqwdoqhh0zwqi4m53grwhcj9t6z1w4ycukgr9jq4g.png\" \/>\n<meta name=\"twitter:card\" content=\"summary_large_image\" \/>\n<meta name=\"twitter:label1\" content=\"Est. reading time\" \/>\n\t<meta name=\"twitter:data1\" content=\"1 minute\" \/>\n<script type=\"application\/ld+json\" class=\"yoast-schema-graph\">{\"@context\":\"https:\/\/schema.org\",\"@graph\":[{\"@type\":\"WebPage\",\"@id\":\"https:\/\/otizmanka.com.tr\/hareket-egitimi\/\",\"url\":\"https:\/\/otizmanka.com.tr\/hareket-egitimi\/\",\"name\":\"Hareket E\u011fitimi - Otizm Anka E\u011fitim Kurumlar\u0131\",\"isPartOf\":{\"@id\":\"https:\/\/otizmanka.com.tr\/#website\"},\"datePublished\":\"2022-11-04T09:42:30+00:00\",\"dateModified\":\"2022-12-06T10:07:06+00:00\",\"breadcrumb\":{\"@id\":\"https:\/\/otizmanka.com.tr\/hareket-egitimi\/#breadcrumb\"},\"inLanguage\":\"en-US\",\"potentialAction\":[{\"@type\":\"ReadAction\",\"target\":[\"https:\/\/otizmanka.com.tr\/hareket-egitimi\/\"]}]},{\"@type\":\"BreadcrumbList\",\"@id\":\"https:\/\/otizmanka.com.tr\/hareket-egitimi\/#breadcrumb\",\"itemListElement\":[{\"@type\":\"ListItem\",\"position\":1,\"name\":\"Home\",\"item\":\"https:\/\/otizmanka.com.tr\/\"},{\"@type\":\"ListItem\",\"position\":2,\"name\":\"Hareket E\u011fitimi\"}]},{\"@type\":\"WebSite\",\"@id\":\"https:\/\/otizmanka.com.tr\/#website\",\"url\":\"https:\/\/otizmanka.com.tr\/\",\"name\":\"Otizm Anka E\u011fitim Kurumlar\u0131\",\"description\":\"Siz \u00c7al\u0131\u015f\u0131n, Onlar Ba\u015far\u0131r.\",\"publisher\":{\"@id\":\"https:\/\/otizmanka.com.tr\/#organization\"},\"potentialAction\":[{\"@type\":\"SearchAction\",\"target\":{\"@type\":\"EntryPoint\",\"urlTemplate\":\"https:\/\/otizmanka.com.tr\/?s={search_term_string}\"},\"query-input\":\"required name=search_term_string\"}],\"inLanguage\":\"en-US\"},{\"@type\":\"Organization\",\"@id\":\"https:\/\/otizmanka.com.tr\/#organization\",\"name\":\"Otizm Anka E\u011fitim Kurumlar\u0131\",\"url\":\"https:\/\/otizmanka.com.tr\/\",\"logo\":{\"@type\":\"ImageObject\",\"inLanguage\":\"en-US\",\"@id\":\"https:\/\/otizmanka.com.tr\/#\/schema\/logo\/image\/\",\"url\":\"https:\/\/otizmanka.com.tr\/wp-content\/uploads\/2020\/01\/ankalogo-1-Ozel.png\",\"contentUrl\":\"https:\/\/otizmanka.com.tr\/wp-content\/uploads\/2020\/01\/ankalogo-1-Ozel.png\",\"width\":300,\"height\":300,\"caption\":\"Otizm Anka E\u011fitim Kurumlar\u0131\"},\"image\":{\"@id\":\"https:\/\/otizmanka.com.tr\/#\/schema\/logo\/image\/\"}}]}<\/script>\n<!-- \/ Yoast SEO Premium plugin. -->","yoast_head_json":{"title":"Hareket E\u011fitimi - Otizm Anka E\u011fitim Kurumlar\u0131","robots":{"index":"index","follow":"follow","max-snippet":"max-snippet:-1","max-image-preview":"max-image-preview:large","max-video-preview":"max-video-preview:-1"},"canonical":"https:\/\/otizmanka.com.tr\/en\/hareket-egitimi\/","og_locale":"en_US","og_type":"article","og_title":"Hareket E\u011fitimi","og_description":"Hareket e\u011fitimi fiziksel hareketin aktif ve etkili kullan\u0131m\u0131 ile ki\u015finin motor becerilerinin, buna ba\u011fl\u0131 olarak ta dikkat ve konsantrasyon, denge ve v\u00fccut-alan fark\u0131ndal\u0131\u011f\u0131 gibi pek \u00e7ok geli\u015fim alan\u0131 becerilerinin desteklenmesidir. Otizmli \u00e7ocuklar\u0131n, s\u0131n\u0131rl\u0131 bir \u00e7evrede ve s\u0131n\u0131rl\u0131 etkile\u015fim ile b\u00fcy\u00fcmesi neticesinde di\u011fer bireylerle s\u0131n\u0131rl\u0131 ileti\u015fime ge\u00e7mesi, ya\u015f\u0131tlar\u0131na nispeten ki\u015filiklerinde, sosyal ve fiziksel geli\u015fimlerinde k\u0131s\u0131tl\u0131l\u0131k g\u00f6r\u00fclmesine...","og_url":"https:\/\/otizmanka.com.tr\/en\/hareket-egitimi\/","og_site_name":"Otizm Anka E\u011fitim Kurumlar\u0131","article_modified_time":"2022-12-06T10:07:06+00:00","og_image":[{"url":"https:\/\/otizmanka.com.tr\/wp-content\/uploads\/elementor\/thumbs\/hareket-egitimi-2-pxqwdoqhh0zwqi4m53grwhcj9t6z1w4ycukgr9jq4g.png"}],"twitter_card":"summary_large_image","twitter_misc":{"Est. reading time":"1 minute"},"schema":{"@context":"https:\/\/schema.org","@graph":[{"@type":"WebPage","@id":"https:\/\/otizmanka.com.tr\/hareket-egitimi\/","url":"https:\/\/otizmanka.com.tr\/hareket-egitimi\/","name":"Hareket E\u011fitimi - Otizm Anka E\u011fitim Kurumlar\u0131","isPartOf":{"@id":"https:\/\/otizmanka.com.tr\/#website"},"datePublished":"2022-11-04T09:42:30+00:00","dateModified":"2022-12-06T10:07:06+00:00","breadcrumb":{"@id":"https:\/\/otizmanka.com.tr\/hareket-egitimi\/#breadcrumb"},"inLanguage":"en-US","potentialAction":[{"@type":"ReadAction","target":["https:\/\/otizmanka.com.tr\/hareket-egitimi\/"]}]},{"@type":"BreadcrumbList","@id":"https:\/\/otizmanka.com.tr\/hareket-egitimi\/#breadcrumb","itemListElement":[{"@type":"ListItem","position":1,"name":"Home","item":"https:\/\/otizmanka.com.tr\/"},{"@type":"ListItem","position":2,"name":"Hareket E\u011fitimi"}]},{"@type":"WebSite","@id":"https:\/\/otizmanka.com.tr\/#website","url":"https:\/\/otizmanka.com.tr\/","name":"Otizm Anka E\u011fitim Kurumlar\u0131","description":"Siz \u00c7al\u0131\u015f\u0131n, Onlar Ba\u015far\u0131r.","publisher":{"@id":"https:\/\/otizmanka.com.tr\/#organization"},"potentialAction":[{"@type":"SearchAction","target":{"@type":"EntryPoint","urlTemplate":"https:\/\/otizmanka.com.tr\/?s={search_term_string}"},"query-input":"required name=search_term_string"}],"inLanguage":"en-US"},{"@type":"Organization","@id":"https:\/\/otizmanka.com.tr\/#organization","name":"Otizm Anka E\u011fitim Kurumlar\u0131","url":"https:\/\/otizmanka.com.tr\/","logo":{"@type":"ImageObject","inLanguage":"en-US","@id":"https:\/\/otizmanka.com.tr\/#\/schema\/logo\/image\/","url":"https:\/\/otizmanka.com.tr\/wp-content\/uploads\/2020\/01\/ankalogo-1-Ozel.png","contentUrl":"https:\/\/otizmanka.com.tr\/wp-content\/uploads\/2020\/01\/ankalogo-1-Ozel.png","width":300,"height":300,"caption":"Otizm Anka E\u011fitim Kurumlar\u0131"},"image":{"@id":"https:\/\/otizmanka.com.tr\/#\/schema\/logo\/image\/"}}]}},"_links":{"self":[{"href":"https:\/\/otizmanka.com.tr\/en\/wp-json\/wp\/v2\/pages\/989478","targetHints":{"allow":["GET"]}}],"collection":[{"href":"https:\/\/otizmanka.com.tr\/en\/wp-json\/wp\/v2\/pages"}],"about":[{"href":"https:\/\/otizmanka.com.tr\/en\/wp-json\/wp\/v2\/types\/page"}],"author":[{"embeddable":true,"href":"https:\/\/otizmanka.com.tr\/en\/wp-json\/wp\/v2\/users\/1"}],"replies":[{"embeddable":true,"href":"https:\/\/otizmanka.com.tr\/en\/wp-json\/wp\/v2\/comments?post=989478"}],"version-history":[{"count":37,"href":"https:\/\/otizmanka.com.tr\/en\/wp-json\/wp\/v2\/pages\/989478\/revisions"}],"predecessor-version":[{"id":990452,"href":"https:\/\/otizmanka.com.tr\/en\/wp-json\/wp\/v2\/pages\/989478\/revisions\/990452"}],"wp:attachment":[{"href":"https:\/\/otizmanka.com.tr\/en\/wp-json\/wp\/v2\/media?parent=989478"}],"curies":[{"name":"wp","href":"https:\/\/api.w.org\/{rel}","templated":true}]}}