{"id":989493,"date":"2022-11-04T12:48:31","date_gmt":"2022-11-04T09:48:31","guid":{"rendered":"https:\/\/otizmanka.com.tr\/?page_id=989493"},"modified":"2022-11-29T11:41:23","modified_gmt":"2022-11-29T08:41:23","slug":"oyun-terapisi","status":"publish","type":"page","link":"https:\/\/otizmanka.com.tr\/en\/oyun-terapisi\/","title":{"rendered":"Game Therapy"},"content":{"rendered":"<div data-elementor-type=\"wp-page\" data-elementor-id=\"989493\" class=\"elementor elementor-989493\" data-elementor-post-type=\"page\">\n\t\t\t\t\t\t\t\t\t<section class=\"elementor-section elementor-top-section elementor-element elementor-element-4d587556 elementor-section-height-min-height elementor-section-boxed elementor-section-height-default elementor-section-items-middle\" data-id=\"4d587556\" data-element_type=\"section\" data-settings=\"{&quot;background_background&quot;:&quot;video&quot;,&quot;background_video_link&quot;:&quot;https:\\\/\\\/www.youtube.com\\\/watch?v=Iv-Wkm5EStw&quot;,&quot;background_video_start&quot;:15,&quot;shape_divider_bottom&quot;:&quot;vamtam-waves&quot;,&quot;background_play_on_mobile&quot;:&quot;yes&quot;}\">\n\t\t\t\t\t\t\t\t<div class=\"elementor-background-video-container\">\n\t\t\t\t\t\t\t\t\t\t\t\t\t<div class=\"elementor-background-video-embed\"><\/div>\n\t\t\t\t\t\t\t\t\t\t\t\t<\/div>\n\t\t\t\t\t\t\t\t\t<div class=\"elementor-background-overlay\"><\/div>\n\t\t\t\t\t\t\t<div class=\"elementor-container elementor-column-gap-default\">\n\t\t\t\t\t<div class=\"elementor-column elementor-col-100 elementor-top-column elementor-element elementor-element-700ce0b6\" data-id=\"700ce0b6\" data-element_type=\"column\">\n\t\t\t<div class=\"elementor-widget-wrap elementor-element-populated\">\n\t\t\t\t\t\t\t\t<div class=\"elementor-element elementor-element-3b35835a animated-fast elementor-invisible elementor-widget elementor-widget-text-editor\" data-id=\"3b35835a\" data-element_type=\"widget\" data-settings=\"{&quot;_animation&quot;:&quot;fadeIn&quot;,&quot;_animation_delay&quot;:200}\" data-widget_type=\"text-editor.default\">\n\t\t\t\t<div class=\"elementor-widget-container\">\n\t\t\t\t\t\t\t\t\t\t\t\t\t<\/div>\n\t\t\t\t<\/div>\n\t\t\t\t<div class=\"elementor-element elementor-element-a8e8a8 elementor-align-center elementor-mobile-align-left elementor-widget elementor-widget-button\" data-id=\"a8e8a8\" data-element_type=\"widget\" data-widget_type=\"button.default\">\n\t\t\t\t<div class=\"elementor-widget-container\">\n\t\t\t\t\t<div class=\"elementor-button-wrapper\">\n\t\t\t<a class=\"elementor-button elementor-button-link elementor-size-xl\" href=\"#elementor-action:action=lightbox&settings=eyJ0eXBlIjoidmlkZW8iLCJ2aWRlb1R5cGUiOiJ5b3V0dWJlIiwidXJsIjoiaHR0cHM6XC9cL3d3dy55b3V0dWJlLmNvbVwvZW1iZWRcL0l2LVdrbTVFU3R3P2ZlYXR1cmU9b2VtYmVkIn0=\">\n\t\t\t\t\t\t<span class=\"elementor-button-content-wrapper\">\n\t\t\t\t\t\t<span class=\"elementor-button-icon elementor-align-icon-left\">\n\t\t\t\t<i aria-hidden=\"true\" class=\"fas fa-play\"><\/i>\t\t\t<\/span>\n\t\t\t\t\t\t<span class=\"elementor-button-text\"><\/span>\n\t\t<\/span>\n\t\t\t\t\t<\/a>\n\t\t<\/div>\n\t\t\t\t<\/div>\n\t\t\t\t<\/div>\n\t\t\t\t\t<\/div>\n\t\t<\/div>\n\t\t\t\t\t\t\t<\/div>\n\t\t<\/section>\n\t\t\t\t<section class=\"elementor-section elementor-top-section elementor-element elementor-element-12a5831e elementor-section-boxed elementor-section-height-default elementor-section-height-default\" data-id=\"12a5831e\" data-element_type=\"section\" data-settings=\"{&quot;background_background&quot;:&quot;classic&quot;,&quot;background_motion_fx_motion_fx_scrolling&quot;:&quot;yes&quot;,&quot;background_motion_fx_translateX_effect&quot;:&quot;yes&quot;,&quot;background_motion_fx_translateX_speed&quot;:{&quot;unit&quot;:&quot;px&quot;,&quot;size&quot;:10,&quot;sizes&quot;:[]},&quot;background_motion_fx_translateX_affectedRange&quot;:{&quot;unit&quot;:&quot;%&quot;,&quot;size&quot;:&quot;&quot;,&quot;sizes&quot;:{&quot;start&quot;:31,&quot;end&quot;:100}},&quot;background_motion_fx_devices&quot;:[&quot;desktop&quot;]}\">\n\t\t\t\t\t\t<div class=\"elementor-container elementor-column-gap-default\">\n\t\t\t\t\t<div class=\"elementor-column elementor-col-50 elementor-top-column elementor-element elementor-element-168010d4\" data-id=\"168010d4\" data-element_type=\"column\" data-settings=\"{&quot;background_background&quot;:&quot;classic&quot;}\">\n\t\t\t<div class=\"elementor-widget-wrap elementor-element-populated\">\n\t\t\t\t\t\t\t\t<div class=\"elementor-element elementor-element-1676e70f elementor-widget elementor-widget-image\" data-id=\"1676e70f\" data-element_type=\"widget\" data-widget_type=\"image.default\">\n\t\t\t\t<div class=\"elementor-widget-container\">\n\t\t\t\t\t\t\t\t\t\t\t\t\t\t\t<img decoding=\"async\" src=\"https:\/\/otizmanka.com.tr\/wp-content\/uploads\/elementor\/thumbs\/oyun-terapisi-3-pxqwui2jqc0kfdpbyd4ii8ldtybcqyw3c2p69zzvgw.png\" title=\"oyun-terapisi\" alt=\"oyun-terapisi\" loading=\"lazy\" \/>\t\t\t\t\t\t\t\t\t\t\t\t\t\t\t<\/div>\n\t\t\t\t<\/div>\n\t\t\t\t\t<\/div>\n\t\t<\/div>\n\t\t\t\t<div class=\"elementor-column elementor-col-50 elementor-top-column elementor-element elementor-element-40540da9\" data-id=\"40540da9\" data-element_type=\"column\" data-settings=\"{&quot;background_background&quot;:&quot;classic&quot;}\">\n\t\t\t<div class=\"elementor-widget-wrap elementor-element-populated\">\n\t\t\t\t\t\t\t\t<div class=\"elementor-element elementor-element-4bc1f8c6 elementor-widget elementor-widget-text-editor\" data-id=\"4bc1f8c6\" data-element_type=\"widget\" data-widget_type=\"text-editor.default\">\n\t\t\t\t<div class=\"elementor-widget-container\">\n\t\t\t\t\t\t\t<p>Play is a way that develops the child's learning, friendship, competition, and order-building skills, where learning becomes permanent, and where the child can express herself.<br \/>Play is the child's most natural learning path and development support tool.<br \/>However, the development of play skills is poor in most children with autism.<br \/>Because the game basically requires skills such as imitation, eye contact, joint attention, need for interaction. <br \/>The fact that these skills do not develop in the majority of children with autism leads to the development of play skills. Children with autism, who cannot fill their time by playing games or other meaningful actions, may turn to stereotypical movements and obsessions. <br \/>The development of play skills is of great importance in order for the child to interact with his peers, to prepare for school and life with play skills. This is only possible with the right individual support and family education.<\/p>\t\t\t\t\t\t<\/div>\n\t\t\t\t<\/div>\n\t\t\t\t\t<\/div>\n\t\t<\/div>\n\t\t\t\t\t\t\t<\/div>\n\t\t<\/section>\n\t\t\t\t<section class=\"elementor-section elementor-top-section elementor-element elementor-element-6262ea3e elementor-reverse-mobile elementor-section-boxed elementor-section-height-default elementor-section-height-default\" data-id=\"6262ea3e\" data-element_type=\"section\" data-settings=\"{&quot;background_background&quot;:&quot;classic&quot;,&quot;background_motion_fx_motion_fx_scrolling&quot;:&quot;yes&quot;,&quot;background_motion_fx_scale_effect&quot;:&quot;yes&quot;,&quot;background_motion_fx_scale_direction&quot;:&quot;in-out&quot;,&quot;background_motion_fx_scale_range&quot;:{&quot;unit&quot;:&quot;%&quot;,&quot;size&quot;:&quot;&quot;,&quot;sizes&quot;:{&quot;start&quot;:0,&quot;end&quot;:40}},&quot;shape_divider_bottom&quot;:&quot;vamtam-waves&quot;,&quot;background_motion_fx_devices&quot;:[&quot;desktop&quot;],&quot;background_motion_fx_scale_speed&quot;:{&quot;unit&quot;:&quot;px&quot;,&quot;size&quot;:4,&quot;sizes&quot;:[]}}\">\n\t\t\t\t\t\t<div class=\"elementor-container elementor-column-gap-default\">\n\t\t\t\t\t<div class=\"elementor-column elementor-col-50 elementor-top-column elementor-element elementor-element-79b57565\" data-id=\"79b57565\" data-element_type=\"column\" data-settings=\"{&quot;background_background&quot;:&quot;classic&quot;}\">\n\t\t\t<div class=\"elementor-widget-wrap elementor-element-populated\">\n\t\t\t\t\t\t\t\t<div class=\"elementor-element elementor-element-55b25096 elementor-widget elementor-widget-text-editor\" data-id=\"55b25096\" data-element_type=\"widget\" data-widget_type=\"text-editor.default\">\n\t\t\t\t<div class=\"elementor-widget-container\">\n\t\t\t\t\t\t\t<p>The development of game skills, the child; Being in interaction at kindergarten, school and other social environments, producing solutions to problems, spending productive time with himself and his family outside of education, learning to learn, supports the development of social skills. For this reason, play skills in children with autism and infants with autism risk should be supported by individual and group games.<br \/>At Anka, play therapy practices are supported by specialist trainings and individual play therapy classes tailored to the needs of the child. In order to generalize the game skills learned in individual lessons to appropriate environments, skills such as group play and generalization are supported in the game groups created, and game skills that allow the child to express himself and spend productive time are developed.<\/p>\t\t\t\t\t\t<\/div>\n\t\t\t\t<\/div>\n\t\t\t\t\t<\/div>\n\t\t<\/div>\n\t\t\t\t<div class=\"elementor-column elementor-col-50 elementor-top-column elementor-element elementor-element-7b406ff6\" data-id=\"7b406ff6\" data-element_type=\"column\" data-settings=\"{&quot;background_background&quot;:&quot;classic&quot;}\">\n\t\t\t<div class=\"elementor-widget-wrap elementor-element-populated\">\n\t\t\t\t\t\t\t\t<div class=\"elementor-element elementor-element-6eb714a7 elementor-widget elementor-widget-image\" data-id=\"6eb714a7\" data-element_type=\"widget\" data-settings=\"{&quot;motion_fx_motion_fx_scrolling&quot;:&quot;yes&quot;,&quot;motion_fx_translateY_effect&quot;:&quot;yes&quot;,&quot;motion_fx_devices&quot;:[&quot;desktop&quot;],&quot;motion_fx_range&quot;:&quot;page&quot;,&quot;motion_fx_translateY_speed&quot;:{&quot;unit&quot;:&quot;px&quot;,&quot;size&quot;:4,&quot;sizes&quot;:[]},&quot;motion_fx_translateY_affectedRange&quot;:{&quot;unit&quot;:&quot;%&quot;,&quot;size&quot;:&quot;&quot;,&quot;sizes&quot;:{&quot;start&quot;:0,&quot;end&quot;:100}}}\" data-widget_type=\"image.default\">\n\t\t\t\t<div class=\"elementor-widget-container\">\n\t\t\t\t\t\t\t\t\t\t\t\t\t\t\t<img decoding=\"async\" src=\"https:\/\/otizmanka.com.tr\/wp-content\/uploads\/elementor\/thumbs\/oyun-terapisi-2-pxqwug6vcnxzs5s29cb9d92gn6kmbkomnte7bg2ntc.png\" title=\"oyun-terapisi-2\" alt=\"oyun-terapisi-2\" loading=\"lazy\" \/>\t\t\t\t\t\t\t\t\t\t\t\t\t\t\t<\/div>\n\t\t\t\t<\/div>\n\t\t\t\t\t<\/div>\n\t\t<\/div>\n\t\t\t\t\t\t\t<\/div>\n\t\t<\/section>\n\t\t\t\t\t\t\t<\/div>","protected":false},"excerpt":{"rendered":"<p>Oyun \u00e7ocu\u011fun \u00f6\u011frenme, arkada\u015fl\u0131k kurma, rekabet etme, d\u00fczen kazanma becerilerini geli\u015ftiren, \u00f6\u011frenmenin kal\u0131c\u0131 hale geldi\u011fi, \u00e7ocu\u011fun kendini ifade edebildi\u0307\u011fi bir yoldur.Oyun \u00e7ocu\u011fun en do\u011fal \u00f6\u011frenme yolu ve geli\u015fim destek arac\u0131d\u0131r.Ancak otizmli \u00e7ocuklar\u0131n pek \u00e7o\u011funda oyun becerilerinin geliI\u015fimi zay\u0131ft\u0131r.\u00c7\u00fcnk\u00fc oyun temelde taklit etme, g\u00f6z konta\u011f\u0131 kurma, ortak dikkat, etkile\u015fim ihtiyac\u0131 duyma gibi becerileri gerektirir. Otizmli \u00e7ocuklar\u0131n&#8230;<\/p>","protected":false},"author":1,"featured_media":0,"parent":0,"menu_order":0,"comment_status":"closed","ping_status":"closed","template":"","meta":{"footnotes":""},"class_list":["post-989493","page","type-page","status-publish","hentry"],"yoast_head":"<!-- This site is optimized with the Yoast SEO Premium plugin v20.1 (Yoast SEO v20.1) - https:\/\/yoast.com\/wordpress\/plugins\/seo\/ -->\n<title>Oyun Terapisi - Otizm Anka E\u011fitim Kurumlar\u0131<\/title>\n<meta name=\"robots\" content=\"index, follow, max-snippet:-1, max-image-preview:large, max-video-preview:-1\" \/>\n<link rel=\"canonical\" href=\"https:\/\/otizmanka.com.tr\/en\/oyun-terapisi\/\" \/>\n<meta property=\"og:locale\" content=\"en_US\" \/>\n<meta property=\"og:type\" content=\"article\" \/>\n<meta property=\"og:title\" content=\"Oyun Terapisi\" \/>\n<meta property=\"og:description\" content=\"Oyun \u00e7ocu\u011fun \u00f6\u011frenme, arkada\u015fl\u0131k kurma, rekabet etme, d\u00fczen kazanma becerilerini geli\u015ftiren, \u00f6\u011frenmenin kal\u0131c\u0131 hale geldi\u011fi, \u00e7ocu\u011fun kendini ifade edebildi\u0307\u011fi bir yoldur.Oyun \u00e7ocu\u011fun en do\u011fal \u00f6\u011frenme yolu ve geli\u015fim destek arac\u0131d\u0131r.Ancak otizmli \u00e7ocuklar\u0131n pek \u00e7o\u011funda oyun becerilerinin geliI\u015fimi zay\u0131ft\u0131r.\u00c7\u00fcnk\u00fc oyun temelde taklit etme, g\u00f6z konta\u011f\u0131 kurma, ortak dikkat, etkile\u015fim ihtiyac\u0131 duyma gibi becerileri gerektirir. Otizmli \u00e7ocuklar\u0131n...\" \/>\n<meta property=\"og:url\" content=\"https:\/\/otizmanka.com.tr\/en\/oyun-terapisi\/\" \/>\n<meta property=\"og:site_name\" content=\"Otizm Anka E\u011fitim Kurumlar\u0131\" \/>\n<meta property=\"article:modified_time\" content=\"2022-11-29T08:41:23+00:00\" \/>\n<meta property=\"og:image\" content=\"https:\/\/otizmanka.com.tr\/wp-content\/uploads\/elementor\/thumbs\/oyun-terapisi-3-pxqwui2jqc0kfdpbyd4ii8ldtybcqyw3c2p5tgm6tc.png\" \/>\n<meta name=\"twitter:card\" content=\"summary_large_image\" \/>\n<meta name=\"twitter:label1\" content=\"Est. reading time\" \/>\n\t<meta name=\"twitter:data1\" content=\"1 minute\" \/>\n<script type=\"application\/ld+json\" class=\"yoast-schema-graph\">{\"@context\":\"https:\/\/schema.org\",\"@graph\":[{\"@type\":\"WebPage\",\"@id\":\"https:\/\/otizmanka.com.tr\/oyun-terapisi\/\",\"url\":\"https:\/\/otizmanka.com.tr\/oyun-terapisi\/\",\"name\":\"Oyun Terapisi - Otizm Anka E\u011fitim Kurumlar\u0131\",\"isPartOf\":{\"@id\":\"https:\/\/otizmanka.com.tr\/#website\"},\"datePublished\":\"2022-11-04T09:48:31+00:00\",\"dateModified\":\"2022-11-29T08:41:23+00:00\",\"breadcrumb\":{\"@id\":\"https:\/\/otizmanka.com.tr\/oyun-terapisi\/#breadcrumb\"},\"inLanguage\":\"en-US\",\"potentialAction\":[{\"@type\":\"ReadAction\",\"target\":[\"https:\/\/otizmanka.com.tr\/oyun-terapisi\/\"]}]},{\"@type\":\"BreadcrumbList\",\"@id\":\"https:\/\/otizmanka.com.tr\/oyun-terapisi\/#breadcrumb\",\"itemListElement\":[{\"@type\":\"ListItem\",\"position\":1,\"name\":\"Home\",\"item\":\"https:\/\/otizmanka.com.tr\/\"},{\"@type\":\"ListItem\",\"position\":2,\"name\":\"Oyun Terapisi\"}]},{\"@type\":\"WebSite\",\"@id\":\"https:\/\/otizmanka.com.tr\/#website\",\"url\":\"https:\/\/otizmanka.com.tr\/\",\"name\":\"Otizm Anka E\u011fitim Kurumlar\u0131\",\"description\":\"Siz \u00c7al\u0131\u015f\u0131n, Onlar Ba\u015far\u0131r.\",\"publisher\":{\"@id\":\"https:\/\/otizmanka.com.tr\/#organization\"},\"potentialAction\":[{\"@type\":\"SearchAction\",\"target\":{\"@type\":\"EntryPoint\",\"urlTemplate\":\"https:\/\/otizmanka.com.tr\/?s={search_term_string}\"},\"query-input\":\"required name=search_term_string\"}],\"inLanguage\":\"en-US\"},{\"@type\":\"Organization\",\"@id\":\"https:\/\/otizmanka.com.tr\/#organization\",\"name\":\"Otizm Anka E\u011fitim Kurumlar\u0131\",\"url\":\"https:\/\/otizmanka.com.tr\/\",\"logo\":{\"@type\":\"ImageObject\",\"inLanguage\":\"en-US\",\"@id\":\"https:\/\/otizmanka.com.tr\/#\/schema\/logo\/image\/\",\"url\":\"https:\/\/otizmanka.com.tr\/wp-content\/uploads\/2020\/01\/ankalogo-1-Ozel.png\",\"contentUrl\":\"https:\/\/otizmanka.com.tr\/wp-content\/uploads\/2020\/01\/ankalogo-1-Ozel.png\",\"width\":300,\"height\":300,\"caption\":\"Otizm Anka E\u011fitim Kurumlar\u0131\"},\"image\":{\"@id\":\"https:\/\/otizmanka.com.tr\/#\/schema\/logo\/image\/\"}}]}<\/script>\n<!-- \/ Yoast SEO Premium plugin. -->","yoast_head_json":{"title":"Oyun Terapisi - Otizm Anka E\u011fitim Kurumlar\u0131","robots":{"index":"index","follow":"follow","max-snippet":"max-snippet:-1","max-image-preview":"max-image-preview:large","max-video-preview":"max-video-preview:-1"},"canonical":"https:\/\/otizmanka.com.tr\/en\/oyun-terapisi\/","og_locale":"en_US","og_type":"article","og_title":"Oyun Terapisi","og_description":"Oyun \u00e7ocu\u011fun \u00f6\u011frenme, arkada\u015fl\u0131k kurma, rekabet etme, d\u00fczen kazanma becerilerini geli\u015ftiren, \u00f6\u011frenmenin kal\u0131c\u0131 hale geldi\u011fi, \u00e7ocu\u011fun kendini ifade edebildi\u0307\u011fi bir yoldur.Oyun \u00e7ocu\u011fun en do\u011fal \u00f6\u011frenme yolu ve geli\u015fim destek arac\u0131d\u0131r.Ancak otizmli \u00e7ocuklar\u0131n pek \u00e7o\u011funda oyun becerilerinin geliI\u015fimi zay\u0131ft\u0131r.\u00c7\u00fcnk\u00fc oyun temelde taklit etme, g\u00f6z konta\u011f\u0131 kurma, ortak dikkat, etkile\u015fim ihtiyac\u0131 duyma gibi becerileri gerektirir. Otizmli \u00e7ocuklar\u0131n...","og_url":"https:\/\/otizmanka.com.tr\/en\/oyun-terapisi\/","og_site_name":"Otizm Anka E\u011fitim Kurumlar\u0131","article_modified_time":"2022-11-29T08:41:23+00:00","og_image":[{"url":"https:\/\/otizmanka.com.tr\/wp-content\/uploads\/elementor\/thumbs\/oyun-terapisi-3-pxqwui2jqc0kfdpbyd4ii8ldtybcqyw3c2p5tgm6tc.png"}],"twitter_card":"summary_large_image","twitter_misc":{"Est. reading time":"1 minute"},"schema":{"@context":"https:\/\/schema.org","@graph":[{"@type":"WebPage","@id":"https:\/\/otizmanka.com.tr\/oyun-terapisi\/","url":"https:\/\/otizmanka.com.tr\/oyun-terapisi\/","name":"Oyun Terapisi - Otizm Anka E\u011fitim Kurumlar\u0131","isPartOf":{"@id":"https:\/\/otizmanka.com.tr\/#website"},"datePublished":"2022-11-04T09:48:31+00:00","dateModified":"2022-11-29T08:41:23+00:00","breadcrumb":{"@id":"https:\/\/otizmanka.com.tr\/oyun-terapisi\/#breadcrumb"},"inLanguage":"en-US","potentialAction":[{"@type":"ReadAction","target":["https:\/\/otizmanka.com.tr\/oyun-terapisi\/"]}]},{"@type":"BreadcrumbList","@id":"https:\/\/otizmanka.com.tr\/oyun-terapisi\/#breadcrumb","itemListElement":[{"@type":"ListItem","position":1,"name":"Home","item":"https:\/\/otizmanka.com.tr\/"},{"@type":"ListItem","position":2,"name":"Oyun Terapisi"}]},{"@type":"WebSite","@id":"https:\/\/otizmanka.com.tr\/#website","url":"https:\/\/otizmanka.com.tr\/","name":"Otizm Anka E\u011fitim Kurumlar\u0131","description":"Siz \u00c7al\u0131\u015f\u0131n, Onlar Ba\u015far\u0131r.","publisher":{"@id":"https:\/\/otizmanka.com.tr\/#organization"},"potentialAction":[{"@type":"SearchAction","target":{"@type":"EntryPoint","urlTemplate":"https:\/\/otizmanka.com.tr\/?s={search_term_string}"},"query-input":"required name=search_term_string"}],"inLanguage":"en-US"},{"@type":"Organization","@id":"https:\/\/otizmanka.com.tr\/#organization","name":"Otizm Anka E\u011fitim Kurumlar\u0131","url":"https:\/\/otizmanka.com.tr\/","logo":{"@type":"ImageObject","inLanguage":"en-US","@id":"https:\/\/otizmanka.com.tr\/#\/schema\/logo\/image\/","url":"https:\/\/otizmanka.com.tr\/wp-content\/uploads\/2020\/01\/ankalogo-1-Ozel.png","contentUrl":"https:\/\/otizmanka.com.tr\/wp-content\/uploads\/2020\/01\/ankalogo-1-Ozel.png","width":300,"height":300,"caption":"Otizm Anka E\u011fitim Kurumlar\u0131"},"image":{"@id":"https:\/\/otizmanka.com.tr\/#\/schema\/logo\/image\/"}}]}},"_links":{"self":[{"href":"https:\/\/otizmanka.com.tr\/en\/wp-json\/wp\/v2\/pages\/989493","targetHints":{"allow":["GET"]}}],"collection":[{"href":"https:\/\/otizmanka.com.tr\/en\/wp-json\/wp\/v2\/pages"}],"about":[{"href":"https:\/\/otizmanka.com.tr\/en\/wp-json\/wp\/v2\/types\/page"}],"author":[{"embeddable":true,"href":"https:\/\/otizmanka.com.tr\/en\/wp-json\/wp\/v2\/users\/1"}],"replies":[{"embeddable":true,"href":"https:\/\/otizmanka.com.tr\/en\/wp-json\/wp\/v2\/comments?post=989493"}],"version-history":[{"count":22,"href":"https:\/\/otizmanka.com.tr\/en\/wp-json\/wp\/v2\/pages\/989493\/revisions"}],"predecessor-version":[{"id":990286,"href":"https:\/\/otizmanka.com.tr\/en\/wp-json\/wp\/v2\/pages\/989493\/revisions\/990286"}],"wp:attachment":[{"href":"https:\/\/otizmanka.com.tr\/en\/wp-json\/wp\/v2\/media?parent=989493"}],"curies":[{"name":"wp","href":"https:\/\/api.w.org\/{rel}","templated":true}]}}