{"id":989518,"date":"2022-11-04T12:57:00","date_gmt":"2022-11-04T09:57:00","guid":{"rendered":"https:\/\/otizmanka.com.tr\/?page_id=989518"},"modified":"2022-11-29T11:41:49","modified_gmt":"2022-11-29T08:41:49","slug":"akran-etkilesimi","status":"publish","type":"page","link":"https:\/\/otizmanka.com.tr\/en\/akran-etkilesimi\/","title":{"rendered":"Peer Interaction"},"content":{"rendered":"<div data-elementor-type=\"wp-page\" data-elementor-id=\"989518\" class=\"elementor elementor-989518\" data-elementor-post-type=\"page\">\n\t\t\t\t\t\t\t\t\t<section class=\"elementor-section elementor-top-section elementor-element elementor-element-4eae48bd elementor-section-height-min-height elementor-section-boxed elementor-section-height-default elementor-section-items-middle\" data-id=\"4eae48bd\" data-element_type=\"section\" data-settings=\"{&quot;background_background&quot;:&quot;video&quot;,&quot;background_video_link&quot;:&quot;https:\\\/\\\/www.youtube.com\\\/watch?v=Iv-Wkm5EStw&quot;,&quot;background_video_start&quot;:15,&quot;shape_divider_bottom&quot;:&quot;vamtam-waves&quot;,&quot;background_play_on_mobile&quot;:&quot;yes&quot;}\">\n\t\t\t\t\t\t\t\t<div class=\"elementor-background-video-container\">\n\t\t\t\t\t\t\t\t\t\t\t\t\t<div class=\"elementor-background-video-embed\"><\/div>\n\t\t\t\t\t\t\t\t\t\t\t\t<\/div>\n\t\t\t\t\t\t\t\t\t<div class=\"elementor-background-overlay\"><\/div>\n\t\t\t\t\t\t\t<div class=\"elementor-container elementor-column-gap-default\">\n\t\t\t\t\t<div class=\"elementor-column elementor-col-100 elementor-top-column elementor-element elementor-element-788b129f\" data-id=\"788b129f\" data-element_type=\"column\">\n\t\t\t<div class=\"elementor-widget-wrap elementor-element-populated\">\n\t\t\t\t\t\t\t\t<div class=\"elementor-element elementor-element-e7465a animated-fast elementor-invisible elementor-widget elementor-widget-text-editor\" data-id=\"e7465a\" data-element_type=\"widget\" data-settings=\"{&quot;_animation&quot;:&quot;fadeIn&quot;,&quot;_animation_delay&quot;:200}\" data-widget_type=\"text-editor.default\">\n\t\t\t\t<div class=\"elementor-widget-container\">\n\t\t\t\t\t\t\t\t\t\t\t\t\t<\/div>\n\t\t\t\t<\/div>\n\t\t\t\t<div class=\"elementor-element elementor-element-36f83a10 elementor-align-center elementor-mobile-align-left elementor-widget elementor-widget-button\" data-id=\"36f83a10\" data-element_type=\"widget\" data-widget_type=\"button.default\">\n\t\t\t\t<div class=\"elementor-widget-container\">\n\t\t\t\t\t<div class=\"elementor-button-wrapper\">\n\t\t\t<a class=\"elementor-button elementor-button-link elementor-size-xl\" href=\"#elementor-action:action=lightbox&settings=eyJ0eXBlIjoidmlkZW8iLCJ2aWRlb1R5cGUiOiJ5b3V0dWJlIiwidXJsIjoiaHR0cHM6XC9cL3d3dy55b3V0dWJlLmNvbVwvZW1iZWRcL0l2LVdrbTVFU3R3P2ZlYXR1cmU9b2VtYmVkIn0=\">\n\t\t\t\t\t\t<span class=\"elementor-button-content-wrapper\">\n\t\t\t\t\t\t<span class=\"elementor-button-icon elementor-align-icon-left\">\n\t\t\t\t<i aria-hidden=\"true\" class=\"fas fa-play\"><\/i>\t\t\t<\/span>\n\t\t\t\t\t\t<span class=\"elementor-button-text\"><\/span>\n\t\t<\/span>\n\t\t\t\t\t<\/a>\n\t\t<\/div>\n\t\t\t\t<\/div>\n\t\t\t\t<\/div>\n\t\t\t\t\t<\/div>\n\t\t<\/div>\n\t\t\t\t\t\t\t<\/div>\n\t\t<\/section>\n\t\t\t\t<section class=\"elementor-section elementor-top-section elementor-element elementor-element-a8c5967 elementor-section-boxed elementor-section-height-default elementor-section-height-default\" data-id=\"a8c5967\" data-element_type=\"section\" data-settings=\"{&quot;background_background&quot;:&quot;classic&quot;,&quot;background_motion_fx_motion_fx_scrolling&quot;:&quot;yes&quot;,&quot;background_motion_fx_translateX_effect&quot;:&quot;yes&quot;,&quot;background_motion_fx_translateX_speed&quot;:{&quot;unit&quot;:&quot;px&quot;,&quot;size&quot;:10,&quot;sizes&quot;:[]},&quot;background_motion_fx_translateX_affectedRange&quot;:{&quot;unit&quot;:&quot;%&quot;,&quot;size&quot;:&quot;&quot;,&quot;sizes&quot;:{&quot;start&quot;:31,&quot;end&quot;:100}},&quot;background_motion_fx_devices&quot;:[&quot;desktop&quot;]}\">\n\t\t\t\t\t\t<div class=\"elementor-container elementor-column-gap-default\">\n\t\t\t\t\t<div class=\"elementor-column elementor-col-50 elementor-top-column elementor-element elementor-element-4d812c49\" data-id=\"4d812c49\" data-element_type=\"column\" data-settings=\"{&quot;background_background&quot;:&quot;classic&quot;}\">\n\t\t\t<div class=\"elementor-widget-wrap elementor-element-populated\">\n\t\t\t\t\t\t\t\t<div class=\"elementor-element elementor-element-2d3a6cf0 elementor-widget elementor-widget-image\" data-id=\"2d3a6cf0\" data-element_type=\"widget\" data-widget_type=\"image.default\">\n\t\t\t\t<div class=\"elementor-widget-container\">\n\t\t\t\t\t\t\t\t\t\t\t\t\t\t\t<img decoding=\"async\" src=\"https:\/\/otizmanka.com.tr\/wp-content\/uploads\/elementor\/thumbs\/gelisimsel-takip-pxqxgfmz761fbtufvuf4opcktm7ocpymcmp1efh6a8.png\" title=\"gelisimsel-takip\" alt=\"gelisimsel-takip\" loading=\"lazy\" \/>\t\t\t\t\t\t\t\t\t\t\t\t\t\t\t<\/div>\n\t\t\t\t<\/div>\n\t\t\t\t\t<\/div>\n\t\t<\/div>\n\t\t\t\t<div class=\"elementor-column elementor-col-50 elementor-top-column elementor-element elementor-element-66c618f6\" data-id=\"66c618f6\" data-element_type=\"column\" data-settings=\"{&quot;background_background&quot;:&quot;classic&quot;}\">\n\t\t\t<div class=\"elementor-widget-wrap elementor-element-populated\">\n\t\t\t\t\t\t\t\t<div class=\"elementor-element elementor-element-51a0801e elementor-widget elementor-widget-text-editor\" data-id=\"51a0801e\" data-element_type=\"widget\" data-widget_type=\"text-editor.default\">\n\t\t\t\t<div class=\"elementor-widget-container\">\n\t\t\t\t\t\t\t<p>peer teaching; The child who learns a skill or concept teaches it to a friend who has not learned it. Peer-assisted learning, which is defined as the active role of peers in the learning process, is implemented by many teaching models.<\/p><p>\u00a0Activities done together develop the concept of belonging in the child. In this way, the shared environment increases the functionality of the child's social interaction. At this point, his interaction with his peers also helps the child in terms of solving the developmental problems he experiences.<\/p><p>Acceptance by peers and positive peer relationships are as important for children with special needs as for children with normal development.<\/p>\t\t\t\t\t\t<\/div>\n\t\t\t\t<\/div>\n\t\t\t\t\t<\/div>\n\t\t<\/div>\n\t\t\t\t\t\t\t<\/div>\n\t\t<\/section>\n\t\t\t\t<section class=\"elementor-section elementor-top-section elementor-element elementor-element-3c68468f elementor-reverse-mobile elementor-section-boxed elementor-section-height-default elementor-section-height-default\" data-id=\"3c68468f\" data-element_type=\"section\" data-settings=\"{&quot;background_background&quot;:&quot;classic&quot;,&quot;background_motion_fx_motion_fx_scrolling&quot;:&quot;yes&quot;,&quot;background_motion_fx_scale_effect&quot;:&quot;yes&quot;,&quot;background_motion_fx_scale_direction&quot;:&quot;in-out&quot;,&quot;background_motion_fx_scale_range&quot;:{&quot;unit&quot;:&quot;%&quot;,&quot;size&quot;:&quot;&quot;,&quot;sizes&quot;:{&quot;start&quot;:0,&quot;end&quot;:40}},&quot;shape_divider_bottom&quot;:&quot;vamtam-waves&quot;,&quot;background_motion_fx_devices&quot;:[&quot;desktop&quot;],&quot;background_motion_fx_scale_speed&quot;:{&quot;unit&quot;:&quot;px&quot;,&quot;size&quot;:4,&quot;sizes&quot;:[]}}\">\n\t\t\t\t\t\t<div class=\"elementor-container elementor-column-gap-default\">\n\t\t\t\t\t<div class=\"elementor-column elementor-col-50 elementor-top-column elementor-element elementor-element-2ed4fe56\" data-id=\"2ed4fe56\" data-element_type=\"column\" data-settings=\"{&quot;background_background&quot;:&quot;classic&quot;}\">\n\t\t\t<div class=\"elementor-widget-wrap elementor-element-populated\">\n\t\t\t\t\t\t\t\t<div class=\"elementor-element elementor-element-56f63be1 elementor-widget elementor-widget-text-editor\" data-id=\"56f63be1\" data-element_type=\"widget\" data-widget_type=\"text-editor.default\">\n\t\t\t\t<div class=\"elementor-widget-container\">\n\t\t\t\t\t\t\t<p>Inclusion programs that aim to integrate children with special needs into society, especially in the pre-school period, can be successful in environments where children with special needs are socially accepted.<\/p><p>It is a fundamental step for the child with special needs to engage in social interaction in order to benefit from the inclusion program at the highest level. Children with autism constitute a large part of the group that has difficulties in social interaction among children with special needs.<\/p><p>In-class activities for peer interaction within the scope of inclusion programs are very important in terms of modeling appropriate social behaviors for children with autism.<\/p>\t\t\t\t\t\t<\/div>\n\t\t\t\t<\/div>\n\t\t\t\t\t<\/div>\n\t\t<\/div>\n\t\t\t\t<div class=\"elementor-column elementor-col-50 elementor-top-column elementor-element elementor-element-788f05ec\" data-id=\"788f05ec\" data-element_type=\"column\" data-settings=\"{&quot;background_background&quot;:&quot;classic&quot;}\">\n\t\t\t<div class=\"elementor-widget-wrap elementor-element-populated\">\n\t\t\t\t\t\t\t\t<div class=\"elementor-element elementor-element-3f7b7aba elementor-widget elementor-widget-image\" data-id=\"3f7b7aba\" data-element_type=\"widget\" data-settings=\"{&quot;motion_fx_motion_fx_scrolling&quot;:&quot;yes&quot;,&quot;motion_fx_translateY_effect&quot;:&quot;yes&quot;,&quot;motion_fx_devices&quot;:[&quot;desktop&quot;],&quot;motion_fx_range&quot;:&quot;page&quot;,&quot;motion_fx_translateY_speed&quot;:{&quot;unit&quot;:&quot;px&quot;,&quot;size&quot;:4,&quot;sizes&quot;:[]},&quot;motion_fx_translateY_affectedRange&quot;:{&quot;unit&quot;:&quot;%&quot;,&quot;size&quot;:&quot;&quot;,&quot;sizes&quot;:{&quot;start&quot;:0,&quot;end&quot;:100}}}\" data-widget_type=\"image.default\">\n\t\t\t\t<div class=\"elementor-widget-container\">\n\t\t\t\t\t\t\t\t\t\t\t\t\t\t\t<img decoding=\"async\" src=\"https:\/\/otizmanka.com.tr\/wp-content\/uploads\/elementor\/thumbs\/anaokulu-danismanligi-pxqxaj7galymfyf0calg16yekjaq14ja7f9axw85cg.png\" title=\"anaokulu-danismanligi\" alt=\"anaokulu-danismanligi\" loading=\"lazy\" \/>\t\t\t\t\t\t\t\t\t\t\t\t\t\t\t<\/div>\n\t\t\t\t<\/div>\n\t\t\t\t\t<\/div>\n\t\t<\/div>\n\t\t\t\t\t\t\t<\/div>\n\t\t<\/section>\n\t\t\t\t<section class=\"elementor-section elementor-top-section elementor-element elementor-element-75c69f74 elementor-reverse-mobile elementor-section-boxed elementor-section-height-default elementor-section-height-default\" data-id=\"75c69f74\" data-element_type=\"section\" data-settings=\"{&quot;background_background&quot;:&quot;classic&quot;,&quot;background_motion_fx_motion_fx_scrolling&quot;:&quot;yes&quot;,&quot;background_motion_fx_scale_effect&quot;:&quot;yes&quot;,&quot;background_motion_fx_scale_direction&quot;:&quot;in-out&quot;,&quot;background_motion_fx_scale_range&quot;:{&quot;unit&quot;:&quot;%&quot;,&quot;size&quot;:&quot;&quot;,&quot;sizes&quot;:{&quot;start&quot;:0,&quot;end&quot;:40}},&quot;shape_divider_top&quot;:&quot;vamtam-waves&quot;,&quot;background_motion_fx_scale_speed&quot;:{&quot;unit&quot;:&quot;px&quot;,&quot;size&quot;:4,&quot;sizes&quot;:[]},&quot;background_motion_fx_devices&quot;:[&quot;desktop&quot;,&quot;tablet&quot;,&quot;mobile&quot;]}\">\n\t\t\t\t\t\t<div class=\"elementor-container elementor-column-gap-default\">\n\t\t\t\t\t<div class=\"elementor-column elementor-col-50 elementor-top-column elementor-element elementor-element-48abb8c0\" data-id=\"48abb8c0\" data-element_type=\"column\" data-settings=\"{&quot;background_background&quot;:&quot;classic&quot;}\">\n\t\t\t<div class=\"elementor-widget-wrap elementor-element-populated\">\n\t\t\t\t\t\t\t\t<div class=\"elementor-element elementor-element-3d5d902d elementor-widget elementor-widget-image\" data-id=\"3d5d902d\" data-element_type=\"widget\" data-settings=\"{&quot;motion_fx_motion_fx_scrolling&quot;:&quot;yes&quot;,&quot;motion_fx_translateY_effect&quot;:&quot;yes&quot;,&quot;motion_fx_devices&quot;:[&quot;desktop&quot;],&quot;motion_fx_range&quot;:&quot;page&quot;,&quot;motion_fx_translateY_direction&quot;:&quot;negative&quot;,&quot;motion_fx_translateY_speed&quot;:{&quot;unit&quot;:&quot;px&quot;,&quot;size&quot;:4,&quot;sizes&quot;:[]},&quot;motion_fx_translateY_affectedRange&quot;:{&quot;unit&quot;:&quot;%&quot;,&quot;size&quot;:&quot;&quot;,&quot;sizes&quot;:{&quot;start&quot;:0,&quot;end&quot;:100}}}\" data-widget_type=\"image.default\">\n\t\t\t\t<div class=\"elementor-widget-container\">\n\t\t\t\t\t\t\t\t\t\t\t\t\t\t\t<img decoding=\"async\" src=\"https:\/\/otizmanka.com.tr\/wp-content\/uploads\/elementor\/thumbs\/otizm-pxqvk3rcdqi1cb3jvt4gxg3a8903stp2mffchasgls.png\" title=\"otizm\" alt=\"otizm\" loading=\"lazy\" \/>\t\t\t\t\t\t\t\t\t\t\t\t\t\t\t<\/div>\n\t\t\t\t<\/div>\n\t\t\t\t\t<\/div>\n\t\t<\/div>\n\t\t\t\t<div class=\"elementor-column elementor-col-50 elementor-top-column elementor-element elementor-element-27224472\" data-id=\"27224472\" data-element_type=\"column\" data-settings=\"{&quot;background_background&quot;:&quot;classic&quot;}\">\n\t\t\t<div class=\"elementor-widget-wrap elementor-element-populated\">\n\t\t\t\t\t\t\t\t<div class=\"elementor-element elementor-element-4d3940af elementor-widget elementor-widget-text-editor\" data-id=\"4d3940af\" data-element_type=\"widget\" data-widget_type=\"text-editor.default\">\n\t\t\t\t<div class=\"elementor-widget-container\">\n\t\t\t\t\t\t\t<p>For this reason, Anka offers each student the opportunity to be together with their peers and interact with their peers before giving direction to pre-school. Children with special needs have the opportunity to be together with their peers and to learn and play with their peers in pre-school preparation groups, most of which are children with normal development. Every child who develops with appropriate positive experiences in these groups is more easily accepted in pre-school institutions and they can be more successful in making friends, behaving in accordance with activities, and acting in harmony with the group. This brings along a more efficient and more qualified preschool process.<\/p>\t\t\t\t\t\t<\/div>\n\t\t\t\t<\/div>\n\t\t\t\t\t<\/div>\n\t\t<\/div>\n\t\t\t\t\t\t\t<\/div>\n\t\t<\/section>\n\t\t\t\t\t\t\t<\/div>","protected":false},"excerpt":{"rendered":"<p>Akran \u00f6\u011fretimi; bir beceri ya da kavram\u0131 \u00f6\u011frenen \u00e7ocu\u011fun onu \u00f6\u011frenmeyen arkada\u015f\u0131na \u00f6\u011fretmesidir. Akranlar\u0131n \u00f6\u011frenme s\u00fcrecinde aktif rol \u00fcstlenmesi olarak tan\u0131mlanan akran-destekli \u00f6\u011frenme bir\u00e7ok \u00f6\u011fretim modeli taraf\u0131ndan uygulanmaktad\u0131r. \u00a0Beraber yap\u0131lan aktiviteler \u00e7ocukta aidiyet kavram\u0131n\u0131 geli\u015ftirmektedir. Bu sayede payla\u015f\u0131lan ortam \u00e7ocukta sosyal etkile\u015fiminde ki i\u015flerli\u011fi artt\u0131rmaktad\u0131r. Bu noktada akran\u0131yla olan etkile\u015fimi \u00e7ocukta ya\u015fad\u0131\u011f\u0131 geli\u015fimsel sorunlara \u00e7\u00f6z\u00fcm&#8230;<\/p>","protected":false},"author":1,"featured_media":0,"parent":0,"menu_order":0,"comment_status":"closed","ping_status":"closed","template":"","meta":{"footnotes":""},"class_list":["post-989518","page","type-page","status-publish","hentry"],"yoast_head":"<!-- This site is optimized with the Yoast SEO Premium plugin v20.1 (Yoast SEO v20.1) - https:\/\/yoast.com\/wordpress\/plugins\/seo\/ -->\n<title>Akran Etkile\u015fimi - Otizm Anka E\u011fitim Kurumlar\u0131<\/title>\n<meta name=\"robots\" content=\"index, follow, max-snippet:-1, max-image-preview:large, max-video-preview:-1\" \/>\n<link rel=\"canonical\" href=\"https:\/\/otizmanka.com.tr\/en\/akran-etkilesimi\/\" \/>\n<meta property=\"og:locale\" content=\"en_US\" \/>\n<meta property=\"og:type\" content=\"article\" \/>\n<meta property=\"og:title\" content=\"Akran Etkile\u015fimi\" \/>\n<meta property=\"og:description\" content=\"Akran \u00f6\u011fretimi; bir beceri ya da kavram\u0131 \u00f6\u011frenen \u00e7ocu\u011fun onu \u00f6\u011frenmeyen arkada\u015f\u0131na \u00f6\u011fretmesidir. Akranlar\u0131n \u00f6\u011frenme s\u00fcrecinde aktif rol \u00fcstlenmesi olarak tan\u0131mlanan akran-destekli \u00f6\u011frenme bir\u00e7ok \u00f6\u011fretim modeli taraf\u0131ndan uygulanmaktad\u0131r. \u00a0Beraber yap\u0131lan aktiviteler \u00e7ocukta aidiyet kavram\u0131n\u0131 geli\u015ftirmektedir. Bu sayede payla\u015f\u0131lan ortam \u00e7ocukta sosyal etkile\u015fiminde ki i\u015flerli\u011fi artt\u0131rmaktad\u0131r. Bu noktada akran\u0131yla olan etkile\u015fimi \u00e7ocukta ya\u015fad\u0131\u011f\u0131 geli\u015fimsel sorunlara \u00e7\u00f6z\u00fcm...\" \/>\n<meta property=\"og:url\" content=\"https:\/\/otizmanka.com.tr\/en\/akran-etkilesimi\/\" \/>\n<meta property=\"og:site_name\" content=\"Otizm Anka E\u011fitim Kurumlar\u0131\" \/>\n<meta property=\"article:modified_time\" content=\"2022-11-29T08:41:49+00:00\" \/>\n<meta property=\"og:image\" content=\"https:\/\/otizmanka.com.tr\/wp-content\/uploads\/elementor\/thumbs\/gelisimsel-takip-pxqxgfmz761fbtufvuf4opcktm7ocpymcmp0xw3hmo.png\" \/>\n<meta name=\"twitter:card\" content=\"summary_large_image\" \/>\n<meta name=\"twitter:label1\" content=\"Est. reading time\" \/>\n\t<meta name=\"twitter:data1\" content=\"2 minutes\" \/>\n<script type=\"application\/ld+json\" class=\"yoast-schema-graph\">{\"@context\":\"https:\/\/schema.org\",\"@graph\":[{\"@type\":\"WebPage\",\"@id\":\"https:\/\/otizmanka.com.tr\/akran-etkilesimi\/\",\"url\":\"https:\/\/otizmanka.com.tr\/akran-etkilesimi\/\",\"name\":\"Akran Etkile\u015fimi - Otizm Anka E\u011fitim Kurumlar\u0131\",\"isPartOf\":{\"@id\":\"https:\/\/otizmanka.com.tr\/#website\"},\"datePublished\":\"2022-11-04T09:57:00+00:00\",\"dateModified\":\"2022-11-29T08:41:49+00:00\",\"breadcrumb\":{\"@id\":\"https:\/\/otizmanka.com.tr\/akran-etkilesimi\/#breadcrumb\"},\"inLanguage\":\"en-US\",\"potentialAction\":[{\"@type\":\"ReadAction\",\"target\":[\"https:\/\/otizmanka.com.tr\/akran-etkilesimi\/\"]}]},{\"@type\":\"BreadcrumbList\",\"@id\":\"https:\/\/otizmanka.com.tr\/akran-etkilesimi\/#breadcrumb\",\"itemListElement\":[{\"@type\":\"ListItem\",\"position\":1,\"name\":\"Home\",\"item\":\"https:\/\/otizmanka.com.tr\/\"},{\"@type\":\"ListItem\",\"position\":2,\"name\":\"Akran Etkile\u015fimi\"}]},{\"@type\":\"WebSite\",\"@id\":\"https:\/\/otizmanka.com.tr\/#website\",\"url\":\"https:\/\/otizmanka.com.tr\/\",\"name\":\"Otizm Anka E\u011fitim Kurumlar\u0131\",\"description\":\"Siz \u00c7al\u0131\u015f\u0131n, Onlar Ba\u015far\u0131r.\",\"publisher\":{\"@id\":\"https:\/\/otizmanka.com.tr\/#organization\"},\"potentialAction\":[{\"@type\":\"SearchAction\",\"target\":{\"@type\":\"EntryPoint\",\"urlTemplate\":\"https:\/\/otizmanka.com.tr\/?s={search_term_string}\"},\"query-input\":\"required name=search_term_string\"}],\"inLanguage\":\"en-US\"},{\"@type\":\"Organization\",\"@id\":\"https:\/\/otizmanka.com.tr\/#organization\",\"name\":\"Otizm Anka E\u011fitim Kurumlar\u0131\",\"url\":\"https:\/\/otizmanka.com.tr\/\",\"logo\":{\"@type\":\"ImageObject\",\"inLanguage\":\"en-US\",\"@id\":\"https:\/\/otizmanka.com.tr\/#\/schema\/logo\/image\/\",\"url\":\"https:\/\/otizmanka.com.tr\/wp-content\/uploads\/2020\/01\/ankalogo-1-Ozel.png\",\"contentUrl\":\"https:\/\/otizmanka.com.tr\/wp-content\/uploads\/2020\/01\/ankalogo-1-Ozel.png\",\"width\":300,\"height\":300,\"caption\":\"Otizm Anka E\u011fitim Kurumlar\u0131\"},\"image\":{\"@id\":\"https:\/\/otizmanka.com.tr\/#\/schema\/logo\/image\/\"}}]}<\/script>\n<!-- \/ Yoast SEO Premium plugin. -->","yoast_head_json":{"title":"Akran Etkile\u015fimi - Otizm Anka E\u011fitim Kurumlar\u0131","robots":{"index":"index","follow":"follow","max-snippet":"max-snippet:-1","max-image-preview":"max-image-preview:large","max-video-preview":"max-video-preview:-1"},"canonical":"https:\/\/otizmanka.com.tr\/en\/akran-etkilesimi\/","og_locale":"en_US","og_type":"article","og_title":"Akran Etkile\u015fimi","og_description":"Akran \u00f6\u011fretimi; bir beceri ya da kavram\u0131 \u00f6\u011frenen \u00e7ocu\u011fun onu \u00f6\u011frenmeyen arkada\u015f\u0131na \u00f6\u011fretmesidir. Akranlar\u0131n \u00f6\u011frenme s\u00fcrecinde aktif rol \u00fcstlenmesi olarak tan\u0131mlanan akran-destekli \u00f6\u011frenme bir\u00e7ok \u00f6\u011fretim modeli taraf\u0131ndan uygulanmaktad\u0131r. \u00a0Beraber yap\u0131lan aktiviteler \u00e7ocukta aidiyet kavram\u0131n\u0131 geli\u015ftirmektedir. Bu sayede payla\u015f\u0131lan ortam \u00e7ocukta sosyal etkile\u015fiminde ki i\u015flerli\u011fi artt\u0131rmaktad\u0131r. Bu noktada akran\u0131yla olan etkile\u015fimi \u00e7ocukta ya\u015fad\u0131\u011f\u0131 geli\u015fimsel sorunlara \u00e7\u00f6z\u00fcm...","og_url":"https:\/\/otizmanka.com.tr\/en\/akran-etkilesimi\/","og_site_name":"Otizm Anka E\u011fitim Kurumlar\u0131","article_modified_time":"2022-11-29T08:41:49+00:00","og_image":[{"url":"https:\/\/otizmanka.com.tr\/wp-content\/uploads\/elementor\/thumbs\/gelisimsel-takip-pxqxgfmz761fbtufvuf4opcktm7ocpymcmp0xw3hmo.png"}],"twitter_card":"summary_large_image","twitter_misc":{"Est. reading time":"2 minutes"},"schema":{"@context":"https:\/\/schema.org","@graph":[{"@type":"WebPage","@id":"https:\/\/otizmanka.com.tr\/akran-etkilesimi\/","url":"https:\/\/otizmanka.com.tr\/akran-etkilesimi\/","name":"Akran Etkile\u015fimi - Otizm Anka E\u011fitim Kurumlar\u0131","isPartOf":{"@id":"https:\/\/otizmanka.com.tr\/#website"},"datePublished":"2022-11-04T09:57:00+00:00","dateModified":"2022-11-29T08:41:49+00:00","breadcrumb":{"@id":"https:\/\/otizmanka.com.tr\/akran-etkilesimi\/#breadcrumb"},"inLanguage":"en-US","potentialAction":[{"@type":"ReadAction","target":["https:\/\/otizmanka.com.tr\/akran-etkilesimi\/"]}]},{"@type":"BreadcrumbList","@id":"https:\/\/otizmanka.com.tr\/akran-etkilesimi\/#breadcrumb","itemListElement":[{"@type":"ListItem","position":1,"name":"Home","item":"https:\/\/otizmanka.com.tr\/"},{"@type":"ListItem","position":2,"name":"Akran Etkile\u015fimi"}]},{"@type":"WebSite","@id":"https:\/\/otizmanka.com.tr\/#website","url":"https:\/\/otizmanka.com.tr\/","name":"Otizm Anka E\u011fitim Kurumlar\u0131","description":"Siz \u00c7al\u0131\u015f\u0131n, Onlar Ba\u015far\u0131r.","publisher":{"@id":"https:\/\/otizmanka.com.tr\/#organization"},"potentialAction":[{"@type":"SearchAction","target":{"@type":"EntryPoint","urlTemplate":"https:\/\/otizmanka.com.tr\/?s={search_term_string}"},"query-input":"required name=search_term_string"}],"inLanguage":"en-US"},{"@type":"Organization","@id":"https:\/\/otizmanka.com.tr\/#organization","name":"Otizm Anka E\u011fitim Kurumlar\u0131","url":"https:\/\/otizmanka.com.tr\/","logo":{"@type":"ImageObject","inLanguage":"en-US","@id":"https:\/\/otizmanka.com.tr\/#\/schema\/logo\/image\/","url":"https:\/\/otizmanka.com.tr\/wp-content\/uploads\/2020\/01\/ankalogo-1-Ozel.png","contentUrl":"https:\/\/otizmanka.com.tr\/wp-content\/uploads\/2020\/01\/ankalogo-1-Ozel.png","width":300,"height":300,"caption":"Otizm Anka E\u011fitim Kurumlar\u0131"},"image":{"@id":"https:\/\/otizmanka.com.tr\/#\/schema\/logo\/image\/"}}]}},"_links":{"self":[{"href":"https:\/\/otizmanka.com.tr\/en\/wp-json\/wp\/v2\/pages\/989518","targetHints":{"allow":["GET"]}}],"collection":[{"href":"https:\/\/otizmanka.com.tr\/en\/wp-json\/wp\/v2\/pages"}],"about":[{"href":"https:\/\/otizmanka.com.tr\/en\/wp-json\/wp\/v2\/types\/page"}],"author":[{"embeddable":true,"href":"https:\/\/otizmanka.com.tr\/en\/wp-json\/wp\/v2\/users\/1"}],"replies":[{"embeddable":true,"href":"https:\/\/otizmanka.com.tr\/en\/wp-json\/wp\/v2\/comments?post=989518"}],"version-history":[{"count":16,"href":"https:\/\/otizmanka.com.tr\/en\/wp-json\/wp\/v2\/pages\/989518\/revisions"}],"predecessor-version":[{"id":990298,"href":"https:\/\/otizmanka.com.tr\/en\/wp-json\/wp\/v2\/pages\/989518\/revisions\/990298"}],"wp:attachment":[{"href":"https:\/\/otizmanka.com.tr\/en\/wp-json\/wp\/v2\/media?parent=989518"}],"curies":[{"name":"wp","href":"https:\/\/api.w.org\/{rel}","templated":true}]}}