{"id":991610,"date":"2026-02-18T22:54:48","date_gmt":"2026-02-18T19:54:48","guid":{"rendered":"https:\/\/otizmanka.com.tr\/?page_id=991610"},"modified":"2026-02-18T22:55:54","modified_gmt":"2026-02-18T19:55:54","slug":"kayasehir-kampusu-galeri","status":"publish","type":"page","link":"https:\/\/otizmanka.com.tr\/en\/kayasehir-kampusu-galeri\/","title":{"rendered":"Kaya\u015fehir Kamp\u00fcs\u00fc Galeri"},"content":{"rendered":"<div data-elementor-type=\"wp-page\" data-elementor-id=\"991610\" class=\"elementor elementor-991610\" data-elementor-post-type=\"page\">\n\t\t\t\t\t\t\t\t\t<section class=\"elementor-section elementor-top-section elementor-element elementor-element-5d427455 elementor-section-height-min-height elementor-section-boxed elementor-section-height-default elementor-section-items-middle\" data-id=\"5d427455\" data-element_type=\"section\" data-settings=\"{&quot;background_background&quot;:&quot;video&quot;,&quot;background_video_link&quot;:&quot;https:\\\/\\\/www.youtube.com\\\/watch?v=DbUqs7EQdac&quot;,&quot;background_video_start&quot;:15,&quot;shape_divider_bottom&quot;:&quot;vamtam-waves&quot;,&quot;background_play_on_mobile&quot;:&quot;yes&quot;}\">\n\t\t\t\t\t\t\t\t<div class=\"elementor-background-video-container\">\n\t\t\t\t\t\t\t\t\t\t\t\t\t<div class=\"elementor-background-video-embed\"><\/div>\n\t\t\t\t\t\t\t\t\t\t\t\t<\/div>\n\t\t\t\t\t\t\t\t\t<div class=\"elementor-background-overlay\"><\/div>\n\t\t\t\t\t\t\t<div class=\"elementor-container elementor-column-gap-default\">\n\t\t\t\t\t<div class=\"elementor-column elementor-col-100 elementor-top-column elementor-element elementor-element-19d6e2be\" data-id=\"19d6e2be\" data-element_type=\"column\">\n\t\t\t<div class=\"elementor-widget-wrap elementor-element-populated\">\n\t\t\t\t\t\t\t\t<div class=\"elementor-element elementor-element-b6f9004 animated-fast elementor-invisible elementor-widget elementor-widget-text-editor\" data-id=\"b6f9004\" data-element_type=\"widget\" data-settings=\"{&quot;_animation&quot;:&quot;fadeIn&quot;,&quot;_animation_delay&quot;:200}\" data-widget_type=\"text-editor.default\">\n\t\t\t\t<div class=\"elementor-widget-container\">\n\t\t\t\t\t\t\t\t\t\t\t\t\t<\/div>\n\t\t\t\t<\/div>\n\t\t\t\t<div class=\"elementor-element elementor-element-18bc42ab elementor-align-center elementor-mobile-align-left elementor-widget elementor-widget-button\" data-id=\"18bc42ab\" data-element_type=\"widget\" data-widget_type=\"button.default\">\n\t\t\t\t<div class=\"elementor-widget-container\">\n\t\t\t\t\t<div class=\"elementor-button-wrapper\">\n\t\t\t<a class=\"elementor-button elementor-button-link elementor-size-xl\" href=\"#elementor-action:action=lightbox&settings=eyJ0eXBlIjoidmlkZW8iLCJ2aWRlb1R5cGUiOiJ5b3V0dWJlIiwidXJsIjoiaHR0cHM6XC9cL3d3dy55b3V0dWJlLmNvbVwvZW1iZWRcL0RiVXFzN0VRZGFjP2ZlYXR1cmU9b2VtYmVkIn0=\">\n\t\t\t\t\t\t<span class=\"elementor-button-content-wrapper\">\n\t\t\t\t\t\t<span class=\"elementor-button-icon elementor-align-icon-left\">\n\t\t\t\t<i aria-hidden=\"true\" class=\"fas fa-play\"><\/i>\t\t\t<\/span>\n\t\t\t\t\t\t<span class=\"elementor-button-text\"><\/span>\n\t\t<\/span>\n\t\t\t\t\t<\/a>\n\t\t<\/div>\n\t\t\t\t<\/div>\n\t\t\t\t<\/div>\n\t\t\t\t\t<\/div>\n\t\t<\/div>\n\t\t\t\t\t\t\t<\/div>\n\t\t<\/section>\n\t\t\t\t<section class=\"elementor-section elementor-top-section elementor-element elementor-element-555bd377 elementor-section-boxed elementor-section-height-default elementor-section-height-default\" data-id=\"555bd377\" data-element_type=\"section\" data-settings=\"{&quot;background_background&quot;:&quot;classic&quot;,&quot;background_motion_fx_motion_fx_scrolling&quot;:&quot;yes&quot;,&quot;background_motion_fx_translateX_effect&quot;:&quot;yes&quot;,&quot;background_motion_fx_translateX_speed&quot;:{&quot;unit&quot;:&quot;px&quot;,&quot;size&quot;:10,&quot;sizes&quot;:[]},&quot;background_motion_fx_translateX_affectedRange&quot;:{&quot;unit&quot;:&quot;%&quot;,&quot;size&quot;:&quot;&quot;,&quot;sizes&quot;:{&quot;start&quot;:31,&quot;end&quot;:100}},&quot;background_motion_fx_devices&quot;:[&quot;desktop&quot;]}\">\n\t\t\t\t\t\t<div class=\"elementor-container elementor-column-gap-default\">\n\t\t\t\t\t<div class=\"elementor-column elementor-col-100 elementor-top-column elementor-element elementor-element-1240618b\" data-id=\"1240618b\" data-element_type=\"column\" data-settings=\"{&quot;background_background&quot;:&quot;classic&quot;}\">\n\t\t\t<div class=\"elementor-widget-wrap elementor-element-populated\">\n\t\t\t\t\t\t\t\t<div class=\"elementor-element elementor-element-1bed6030 elementor-widget elementor-widget-text-editor\" data-id=\"1bed6030\" data-element_type=\"widget\" data-widget_type=\"text-editor.default\">\n\t\t\t\t<div class=\"elementor-widget-container\">\n\t\t\t\t\t\t\t<p><\/p>\t\t\t\t\t\t<\/div>\n\t\t\t\t<\/div>\n\t\t\t\t\t<\/div>\n\t\t<\/div>\n\t\t\t\t\t\t\t<\/div>\n\t\t<\/section>\n\t\t\t\t<section class=\"elementor-section elementor-top-section elementor-element elementor-element-1f199500 elementor-section-content-middle elementor-section-boxed elementor-section-height-default elementor-section-height-default\" data-id=\"1f199500\" data-element_type=\"section\">\n\t\t\t\t\t\t<div class=\"elementor-container elementor-column-gap-default\">\n\t\t\t\t\t<div class=\"elementor-column elementor-col-50 elementor-top-column elementor-element elementor-element-670c7379 elementor-invisible\" data-id=\"670c7379\" data-element_type=\"column\" data-settings=\"{&quot;motion_fx_motion_fx_scrolling&quot;:&quot;yes&quot;,&quot;motion_fx_translateY_effect&quot;:&quot;yes&quot;,&quot;motion_fx_translateY_direction&quot;:&quot;negative&quot;,&quot;motion_fx_translateY_affectedRange&quot;:{&quot;unit&quot;:&quot;%&quot;,&quot;size&quot;:&quot;&quot;,&quot;sizes&quot;:{&quot;start&quot;:49,&quot;end&quot;:58}},&quot;motion_fx_devices&quot;:[&quot;desktop&quot;],&quot;animation&quot;:&quot;pulse&quot;,&quot;motion_fx_translateY_speed&quot;:{&quot;unit&quot;:&quot;px&quot;,&quot;size&quot;:4,&quot;sizes&quot;:[]}}\">\n\t\t\t<div class=\"elementor-widget-wrap elementor-element-populated\">\n\t\t\t\t\t\t\t\t<div class=\"elementor-element elementor-element-3b6f229f elementor-flip-box--direction-left elementor-flip-box--effect-slide elementor-widget elementor-widget-flip-box\" data-id=\"3b6f229f\" data-element_type=\"widget\" data-widget_type=\"flip-box.default\">\n\t\t\t\t<div class=\"elementor-widget-container\">\n\t\t\t\t\t<div class=\"elementor-flip-box\" tabindex=\"0\">\n\t\t\t<div class=\"elementor-flip-box__layer elementor-flip-box__front\">\n\t\t\t\t<div class=\"elementor-flip-box__layer__overlay\">\n\t\t\t\t\t<div class=\"elementor-flip-box__layer__inner\">\n\t\t\t\t\t\t\t\t\t\t\t\t\t<div class=\"elementor-icon-wrapper elementor-view-default\">\n\t\t\t\t\t\t\t\t<div class=\"elementor-icon\">\n\t\t\t\t\t\t\t\t\t<i class=\"fas fa-phone\"><\/i>\t\t\t\t\t\t\t\t<\/div>\n\t\t\t\t\t\t\t<\/div>\n\t\t\t\t\t\t\n\t\t\t\t\t\t\t\t\t\t\t\t\t<h3 class=\"elementor-flip-box__layer__title\">\n\t\t\t\t\t\t\t\tContact\t\t\t\t\t\t\t<\/h3>\n\t\t\t\t\t\t\n\t\t\t\t\t\t\t\t\t\t\t\t\t<div class=\"elementor-flip-box__layer__description\">\n\t\t\t\t\t\t\t\tAnka Kaya\u015fehir \u015eubesi Hakk\u0131nda Detayl\u0131 Bilgi Almak \u0130\u00e7in Bizi Aray\u0131n !\t\t\t\t\t\t\t<\/div>\n\t\t\t\t\t\t\t\t\t\t\t<\/div>\n\t\t\t\t<\/div>\n\t\t\t<\/div>\n\t\t\t<a class=\"elementor-flip-box__layer elementor-flip-box__back\" href=\"https:\/\/otizmanka.com.tr\/en\/iletisim\/\">\n\t\t\t<div class=\"elementor-flip-box__layer__overlay\">\n\t\t\t\t<div class=\"elementor-flip-box__layer__inner\">\n\t\t\t\t\t\n\t\t\t\t\t\n\t\t\t\t\t\t\t\t\t\t\t<span class=\"elementor-flip-box__button elementor-button elementor-size-sm\">\n\t\t\t\t\t\t\tContact\t\t\t\t\t\t<\/span>\n\t\t\t\t\t\t\t\t<\/div>\n\t\t<\/div>\n\t\t<\/a>\n\t\t<\/div>\n\t\t\t\t<\/div>\n\t\t\t\t<\/div>\n\t\t\t\t\t<\/div>\n\t\t<\/div>\n\t\t\t\t<div class=\"elementor-column elementor-col-50 elementor-top-column elementor-element elementor-element-17bba72f elementor-invisible\" data-id=\"17bba72f\" data-element_type=\"column\" data-settings=\"{&quot;motion_fx_motion_fx_scrolling&quot;:&quot;yes&quot;,&quot;motion_fx_translateY_effect&quot;:&quot;yes&quot;,&quot;motion_fx_translateY_direction&quot;:&quot;negative&quot;,&quot;motion_fx_translateY_affectedRange&quot;:{&quot;unit&quot;:&quot;%&quot;,&quot;size&quot;:&quot;&quot;,&quot;sizes&quot;:{&quot;start&quot;:49,&quot;end&quot;:58}},&quot;motion_fx_devices&quot;:[&quot;desktop&quot;],&quot;animation&quot;:&quot;pulse&quot;,&quot;motion_fx_translateY_speed&quot;:{&quot;unit&quot;:&quot;px&quot;,&quot;size&quot;:4,&quot;sizes&quot;:[]}}\">\n\t\t\t<div class=\"elementor-widget-wrap elementor-element-populated\">\n\t\t\t\t\t\t\t\t<div class=\"elementor-element elementor-element-3e153420 elementor-flip-box--direction-right elementor-flip-box--effect-slide elementor-widget elementor-widget-flip-box\" data-id=\"3e153420\" data-element_type=\"widget\" data-widget_type=\"flip-box.default\">\n\t\t\t\t<div class=\"elementor-widget-container\">\n\t\t\t\t\t<div class=\"elementor-flip-box\" tabindex=\"0\">\n\t\t\t<div class=\"elementor-flip-box__layer elementor-flip-box__front\">\n\t\t\t\t<div class=\"elementor-flip-box__layer__overlay\">\n\t\t\t\t\t<div class=\"elementor-flip-box__layer__inner\">\n\t\t\t\t\t\t\t\t\t\t\t\t\t<div class=\"elementor-icon-wrapper elementor-view-default\">\n\t\t\t\t\t\t\t\t<div class=\"elementor-icon\">\n\t\t\t\t\t\t\t\t\t<i class=\"far fa-calendar-check\"><\/i>\t\t\t\t\t\t\t\t<\/div>\n\t\t\t\t\t\t\t<\/div>\n\t\t\t\t\t\t\n\t\t\t\t\t\t\t\t\t\t\t\t\t<h3 class=\"elementor-flip-box__layer__title\">\n\t\t\t\t\t\t\t\tMake an Appointment\t\t\t\t\t\t\t<\/h3>\n\t\t\t\t\t\t\n\t\t\t\t\t\t\t\t\t\t\t\t\t<div class=\"elementor-flip-box__layer__description\">\n\t\t\t\t\t\t\t\tAnka Kaya\u015fehir \u015eubesini Gezmek ve Daha Detayl\u0131 Bilgi Almak \u0130\u00e7in Randevu Olu\u015fturun !\t\t\t\t\t\t\t<\/div>\n\t\t\t\t\t\t\t\t\t\t\t<\/div>\n\t\t\t\t<\/div>\n\t\t\t<\/div>\n\t\t\t<a class=\"elementor-flip-box__layer elementor-flip-box__back\" href=\"https:\/\/otizmanka.com.tr\/en\/iletisim\/\">\n\t\t\t<div class=\"elementor-flip-box__layer__overlay\">\n\t\t\t\t<div class=\"elementor-flip-box__layer__inner\">\n\t\t\t\t\t\n\t\t\t\t\t\n\t\t\t\t\t\t\t\t\t\t\t<span class=\"elementor-flip-box__button elementor-button elementor-size-sm\">\n\t\t\t\t\t\t\tMake an Appointment\t\t\t\t\t\t<\/span>\n\t\t\t\t\t\t\t\t<\/div>\n\t\t<\/div>\n\t\t<\/a>\n\t\t<\/div>\n\t\t\t\t<\/div>\n\t\t\t\t<\/div>\n\t\t\t\t\t<\/div>\n\t\t<\/div>\n\t\t\t\t\t\t\t<\/div>\n\t\t<\/section>\n\t\t\t\t\t\t\t<\/div>","protected":false},"excerpt":{"rendered":"<p>\u0130leti\u015fim Anka Kaya\u015fehir \u015eubesi Hakk\u0131nda Detayl\u0131 Bilgi Almak \u0130\u00e7in Bizi Aray\u0131n ! \u0130leti\u015fim Randevu Olu\u015fturun Anka Kaya\u015fehir \u015eubesini Gezmek ve Daha Detayl\u0131 Bilgi Almak \u0130\u00e7in Randevu Olu\u015fturun ! Randevu Olu\u015fturun<\/p>","protected":false},"author":1,"featured_media":0,"parent":0,"menu_order":0,"comment_status":"closed","ping_status":"closed","template":"","meta":{"footnotes":""},"class_list":["post-991610","page","type-page","status-publish","hentry"],"yoast_head":"<!-- This site is optimized with the Yoast SEO Premium plugin v20.1 (Yoast SEO v20.1) - https:\/\/yoast.com\/wordpress\/plugins\/seo\/ -->\n<title>Kaya\u015fehir Kamp\u00fcs\u00fc Galeri - Otizm Anka E\u011fitim Kurumlar\u0131<\/title>\n<meta name=\"robots\" content=\"index, follow, max-snippet:-1, max-image-preview:large, max-video-preview:-1\" \/>\n<link rel=\"canonical\" href=\"https:\/\/otizmanka.com.tr\/en\/kayasehir-kampusu-galeri\/\" \/>\n<meta property=\"og:locale\" content=\"en_US\" \/>\n<meta property=\"og:type\" content=\"article\" \/>\n<meta property=\"og:title\" content=\"Kaya\u015fehir Kamp\u00fcs\u00fc Galeri\" \/>\n<meta property=\"og:description\" content=\"\u0130leti\u015fim Anka Kaya\u015fehir \u015eubesi Hakk\u0131nda Detayl\u0131 Bilgi Almak \u0130\u00e7in Bizi Aray\u0131n ! \u0130leti\u015fim Randevu Olu\u015fturun Anka Kaya\u015fehir \u015eubesini Gezmek ve Daha Detayl\u0131 Bilgi Almak \u0130\u00e7in Randevu Olu\u015fturun ! Randevu Olu\u015fturun\" \/>\n<meta property=\"og:url\" content=\"https:\/\/otizmanka.com.tr\/en\/kayasehir-kampusu-galeri\/\" \/>\n<meta property=\"og:site_name\" content=\"Otizm Anka E\u011fitim Kurumlar\u0131\" \/>\n<meta property=\"article:modified_time\" content=\"2026-02-18T19:55:54+00:00\" \/>\n<meta name=\"twitter:card\" content=\"summary_large_image\" \/>\n<meta name=\"twitter:label1\" content=\"Est. reading time\" \/>\n\t<meta name=\"twitter:data1\" content=\"1 minute\" \/>\n<script type=\"application\/ld+json\" class=\"yoast-schema-graph\">{\"@context\":\"https:\/\/schema.org\",\"@graph\":[{\"@type\":\"WebPage\",\"@id\":\"https:\/\/otizmanka.com.tr\/kayasehir-kampusu-galeri\/\",\"url\":\"https:\/\/otizmanka.com.tr\/kayasehir-kampusu-galeri\/\",\"name\":\"Kaya\u015fehir Kamp\u00fcs\u00fc Galeri - Otizm Anka E\u011fitim Kurumlar\u0131\",\"isPartOf\":{\"@id\":\"https:\/\/otizmanka.com.tr\/#website\"},\"datePublished\":\"2026-02-18T19:54:48+00:00\",\"dateModified\":\"2026-02-18T19:55:54+00:00\",\"breadcrumb\":{\"@id\":\"https:\/\/otizmanka.com.tr\/kayasehir-kampusu-galeri\/#breadcrumb\"},\"inLanguage\":\"en-US\",\"potentialAction\":[{\"@type\":\"ReadAction\",\"target\":[\"https:\/\/otizmanka.com.tr\/kayasehir-kampusu-galeri\/\"]}]},{\"@type\":\"BreadcrumbList\",\"@id\":\"https:\/\/otizmanka.com.tr\/kayasehir-kampusu-galeri\/#breadcrumb\",\"itemListElement\":[{\"@type\":\"ListItem\",\"position\":1,\"name\":\"Home\",\"item\":\"https:\/\/otizmanka.com.tr\/\"},{\"@type\":\"ListItem\",\"position\":2,\"name\":\"Kaya\u015fehir Kamp\u00fcs\u00fc Galeri\"}]},{\"@type\":\"WebSite\",\"@id\":\"https:\/\/otizmanka.com.tr\/#website\",\"url\":\"https:\/\/otizmanka.com.tr\/\",\"name\":\"Otizm Anka E\u011fitim Kurumlar\u0131\",\"description\":\"Siz \u00c7al\u0131\u015f\u0131n, Onlar Ba\u015far\u0131r.\",\"publisher\":{\"@id\":\"https:\/\/otizmanka.com.tr\/#organization\"},\"potentialAction\":[{\"@type\":\"SearchAction\",\"target\":{\"@type\":\"EntryPoint\",\"urlTemplate\":\"https:\/\/otizmanka.com.tr\/?s={search_term_string}\"},\"query-input\":\"required name=search_term_string\"}],\"inLanguage\":\"en-US\"},{\"@type\":\"Organization\",\"@id\":\"https:\/\/otizmanka.com.tr\/#organization\",\"name\":\"Otizm Anka E\u011fitim Kurumlar\u0131\",\"url\":\"https:\/\/otizmanka.com.tr\/\",\"logo\":{\"@type\":\"ImageObject\",\"inLanguage\":\"en-US\",\"@id\":\"https:\/\/otizmanka.com.tr\/#\/schema\/logo\/image\/\",\"url\":\"https:\/\/otizmanka.com.tr\/wp-content\/uploads\/2020\/01\/ankalogo-1-Ozel.png\",\"contentUrl\":\"https:\/\/otizmanka.com.tr\/wp-content\/uploads\/2020\/01\/ankalogo-1-Ozel.png\",\"width\":300,\"height\":300,\"caption\":\"Otizm Anka E\u011fitim Kurumlar\u0131\"},\"image\":{\"@id\":\"https:\/\/otizmanka.com.tr\/#\/schema\/logo\/image\/\"}}]}<\/script>\n<!-- \/ Yoast SEO Premium plugin. -->","yoast_head_json":{"title":"Kaya\u015fehir Kamp\u00fcs\u00fc Galeri - Otizm Anka E\u011fitim Kurumlar\u0131","robots":{"index":"index","follow":"follow","max-snippet":"max-snippet:-1","max-image-preview":"max-image-preview:large","max-video-preview":"max-video-preview:-1"},"canonical":"https:\/\/otizmanka.com.tr\/en\/kayasehir-kampusu-galeri\/","og_locale":"en_US","og_type":"article","og_title":"Kaya\u015fehir Kamp\u00fcs\u00fc Galeri","og_description":"\u0130leti\u015fim Anka Kaya\u015fehir \u015eubesi Hakk\u0131nda Detayl\u0131 Bilgi Almak \u0130\u00e7in Bizi Aray\u0131n ! \u0130leti\u015fim Randevu Olu\u015fturun Anka Kaya\u015fehir \u015eubesini Gezmek ve Daha Detayl\u0131 Bilgi Almak \u0130\u00e7in Randevu Olu\u015fturun ! Randevu Olu\u015fturun","og_url":"https:\/\/otizmanka.com.tr\/en\/kayasehir-kampusu-galeri\/","og_site_name":"Otizm Anka E\u011fitim Kurumlar\u0131","article_modified_time":"2026-02-18T19:55:54+00:00","twitter_card":"summary_large_image","twitter_misc":{"Est. reading time":"1 minute"},"schema":{"@context":"https:\/\/schema.org","@graph":[{"@type":"WebPage","@id":"https:\/\/otizmanka.com.tr\/kayasehir-kampusu-galeri\/","url":"https:\/\/otizmanka.com.tr\/kayasehir-kampusu-galeri\/","name":"Kaya\u015fehir Kamp\u00fcs\u00fc Galeri - Otizm Anka E\u011fitim Kurumlar\u0131","isPartOf":{"@id":"https:\/\/otizmanka.com.tr\/#website"},"datePublished":"2026-02-18T19:54:48+00:00","dateModified":"2026-02-18T19:55:54+00:00","breadcrumb":{"@id":"https:\/\/otizmanka.com.tr\/kayasehir-kampusu-galeri\/#breadcrumb"},"inLanguage":"en-US","potentialAction":[{"@type":"ReadAction","target":["https:\/\/otizmanka.com.tr\/kayasehir-kampusu-galeri\/"]}]},{"@type":"BreadcrumbList","@id":"https:\/\/otizmanka.com.tr\/kayasehir-kampusu-galeri\/#breadcrumb","itemListElement":[{"@type":"ListItem","position":1,"name":"Home","item":"https:\/\/otizmanka.com.tr\/"},{"@type":"ListItem","position":2,"name":"Kaya\u015fehir Kamp\u00fcs\u00fc Galeri"}]},{"@type":"WebSite","@id":"https:\/\/otizmanka.com.tr\/#website","url":"https:\/\/otizmanka.com.tr\/","name":"Otizm Anka E\u011fitim Kurumlar\u0131","description":"Siz \u00c7al\u0131\u015f\u0131n, Onlar Ba\u015far\u0131r.","publisher":{"@id":"https:\/\/otizmanka.com.tr\/#organization"},"potentialAction":[{"@type":"SearchAction","target":{"@type":"EntryPoint","urlTemplate":"https:\/\/otizmanka.com.tr\/?s={search_term_string}"},"query-input":"required name=search_term_string"}],"inLanguage":"en-US"},{"@type":"Organization","@id":"https:\/\/otizmanka.com.tr\/#organization","name":"Otizm Anka E\u011fitim Kurumlar\u0131","url":"https:\/\/otizmanka.com.tr\/","logo":{"@type":"ImageObject","inLanguage":"en-US","@id":"https:\/\/otizmanka.com.tr\/#\/schema\/logo\/image\/","url":"https:\/\/otizmanka.com.tr\/wp-content\/uploads\/2020\/01\/ankalogo-1-Ozel.png","contentUrl":"https:\/\/otizmanka.com.tr\/wp-content\/uploads\/2020\/01\/ankalogo-1-Ozel.png","width":300,"height":300,"caption":"Otizm Anka E\u011fitim Kurumlar\u0131"},"image":{"@id":"https:\/\/otizmanka.com.tr\/#\/schema\/logo\/image\/"}}]}},"_links":{"self":[{"href":"https:\/\/otizmanka.com.tr\/en\/wp-json\/wp\/v2\/pages\/991610","targetHints":{"allow":["GET"]}}],"collection":[{"href":"https:\/\/otizmanka.com.tr\/en\/wp-json\/wp\/v2\/pages"}],"about":[{"href":"https:\/\/otizmanka.com.tr\/en\/wp-json\/wp\/v2\/types\/page"}],"author":[{"embeddable":true,"href":"https:\/\/otizmanka.com.tr\/en\/wp-json\/wp\/v2\/users\/1"}],"replies":[{"embeddable":true,"href":"https:\/\/otizmanka.com.tr\/en\/wp-json\/wp\/v2\/comments?post=991610"}],"version-history":[{"count":4,"href":"https:\/\/otizmanka.com.tr\/en\/wp-json\/wp\/v2\/pages\/991610\/revisions"}],"predecessor-version":[{"id":991616,"href":"https:\/\/otizmanka.com.tr\/en\/wp-json\/wp\/v2\/pages\/991610\/revisions\/991616"}],"wp:attachment":[{"href":"https:\/\/otizmanka.com.tr\/en\/wp-json\/wp\/v2\/media?parent=991610"}],"curies":[{"name":"wp","href":"https:\/\/api.w.org\/{rel}","templated":true}]}}